{"id":1447,"date":"2021-05-15T03:27:43","date_gmt":"2021-05-15T07:27:43","guid":{"rendered":"https:\/\/transparenciave.org\/saludcritica\/?page_id=1447"},"modified":"2021-05-16T11:05:56","modified_gmt":"2021-05-16T15:05:56","slug":"podcast","status":"publish","type":"page","link":"https:\/\/transparenciave.org\/saludcritica\/podcast\/","title":{"rendered":"Podcast"},"content":{"rendered":"\t\t<div data-elementor-type=\"wp-page\" data-elementor-id=\"1447\" class=\"elementor elementor-1447\">\n\t\t\t\t\t\t<section class=\"elementor-section elementor-top-section elementor-element elementor-element-ab4c72d elementor-section-full_width elementor-section-height-default elementor-section-height-default\" data-id=\"ab4c72d\" data-element_type=\"section\">\n\t\t\t\t\t\t<div class=\"elementor-container elementor-column-gap-default\">\n\t\t\t\t\t<div class=\"elementor-column elementor-col-100 elementor-top-column elementor-element elementor-element-05df138\" data-id=\"05df138\" data-element_type=\"column\">\n\t\t\t<div class=\"elementor-widget-wrap elementor-element-populated\">\n\t\t\t\t\t\t<div class=\"elementor-element elementor-element-37ea804 elementor-widget elementor-widget-spacer\" data-id=\"37ea804\" data-element_type=\"widget\" data-widget_type=\"spacer.default\">\n\t\t\t\t<div class=\"elementor-widget-container\">\n\t\t\t\t\t\t\t<div class=\"elementor-spacer\">\n\t\t\t<div class=\"elementor-spacer-inner\"><\/div>\n\t\t<\/div>\n\t\t\t\t\t\t<\/div>\n\t\t\t\t<\/div>\n\t\t\t\t\t<\/div>\n\t\t<\/div>\n\t\t\t\t\t<\/div>\n\t\t<\/section>\n\t\t\t\t<section class=\"elementor-section elementor-top-section elementor-element elementor-element-c1cda23 elementor-section-boxed elementor-section-height-default elementor-section-height-default\" data-id=\"c1cda23\" data-element_type=\"section\">\n\t\t\t\t\t\t<div class=\"elementor-container elementor-column-gap-default\">\n\t\t\t\t\t<div class=\"elementor-column elementor-col-50 elementor-top-column elementor-element elementor-element-007282f\" data-id=\"007282f\" data-element_type=\"column\">\n\t\t\t<div class=\"elementor-widget-wrap elementor-element-populated\">\n\t\t\t\t\t\t<div class=\"elementor-element elementor-element-596b4f6 elementor-widget elementor-widget-image\" data-id=\"596b4f6\" data-element_type=\"widget\" data-widget_type=\"image.default\">\n\t\t\t\t<div class=\"elementor-widget-container\">\n\t\t\t\t\t\t\t\t\t\t\t\t\t\t\t<img decoding=\"async\" width=\"214\" height=\"214\" src=\"https:\/\/transparenciave.org\/saludcritica\/wp-content\/uploads\/2021\/05\/podcast-button.png\" class=\"attachment-medium size-medium wp-image-1546\" alt=\"\" srcset=\"https:\/\/transparenciave.org\/saludcritica\/wp-content\/uploads\/2021\/05\/podcast-button.png 214w, https:\/\/transparenciave.org\/saludcritica\/wp-content\/uploads\/2021\/05\/podcast-button-150x150.png 150w\" sizes=\"(max-width: 214px) 100vw, 214px\" \/>\t\t\t\t\t\t\t\t\t\t\t\t\t\t\t<\/div>\n\t\t\t\t<\/div>\n\t\t\t\t\t<\/div>\n\t\t<\/div>\n\t\t\t\t<div class=\"elementor-column elementor-col-50 elementor-top-column elementor-element elementor-element-40fe153\" data-id=\"40fe153\" data-element_type=\"column\">\n\t\t\t<div class=\"elementor-widget-wrap elementor-element-populated\">\n\t\t\t\t\t\t<div class=\"elementor-element elementor-element-167c471 elementor-widget elementor-widget-heading\" data-id=\"167c471\" data-element_type=\"widget\" data-widget_type=\"heading.default\">\n\t\t\t\t<div class=\"elementor-widget-container\">\n\t\t\t\t\t<h2 class=\"elementor-heading-title elementor-size-default\">Podcast<\/h2>\t\t\t\t<\/div>\n\t\t\t\t<\/div>\n\t\t\t\t\t<\/div>\n\t\t<\/div>\n\t\t\t\t\t<\/div>\n\t\t<\/section>\n\t\t\t\t<section class=\"elementor-section elementor-top-section elementor-element elementor-element-64abec2 elementor-section-boxed elementor-section-height-default elementor-section-height-default\" data-id=\"64abec2\" data-element_type=\"section\">\n\t\t\t\t\t\t<div class=\"elementor-container elementor-column-gap-default\">\n\t\t\t\t\t<div class=\"elementor-column elementor-col-100 elementor-top-column elementor-element elementor-element-940e05b\" data-id=\"940e05b\" data-element_type=\"column\">\n\t\t\t<div class=\"elementor-widget-wrap elementor-element-populated\">\n\t\t\t\t\t\t<div class=\"elementor-element elementor-element-29c0d0c elementor-widget-divider--view-line elementor-widget elementor-widget-divider\" data-id=\"29c0d0c\" data-element_type=\"widget\" data-widget_type=\"divider.default\">\n\t\t\t\t<div class=\"elementor-widget-container\">\n\t\t\t\t\t\t\t<div class=\"elementor-divider\">\n\t\t\t<span class=\"elementor-divider-separator\">\n\t\t\t\t\t\t<\/span>\n\t\t<\/div>\n\t\t\t\t\t\t<\/div>\n\t\t\t\t<\/div>\n\t\t\t\t\t<\/div>\n\t\t<\/div>\n\t\t\t\t\t<\/div>\n\t\t<\/section>\n\t\t\t\t<section class=\"elementor-section elementor-top-section elementor-element elementor-element-57bc6d1 elementor-section-boxed elementor-section-height-default elementor-section-height-default\" data-id=\"57bc6d1\" data-element_type=\"section\">\n\t\t\t\t\t\t<div class=\"elementor-container elementor-column-gap-default\">\n\t\t\t\t\t<div class=\"elementor-column elementor-col-50 elementor-top-column elementor-element elementor-element-57d648f\" data-id=\"57d648f\" data-element_type=\"column\">\n\t\t\t<div class=\"elementor-widget-wrap elementor-element-populated\">\n\t\t\t\t\t\t<div class=\"elementor-element elementor-element-8d2a3c6 elementor-widget elementor-widget-image\" data-id=\"8d2a3c6\" data-element_type=\"widget\" data-widget_type=\"image.default\">\n\t\t\t\t<div class=\"elementor-widget-container\">\n\t\t\t\t\t\t\t\t\t\t\t\t\t\t\t\t<a href=\"https:\/\/www.ivoox.com\/salud-venezuela-corrupcion-pandemia-audios-mp3_rf_68260142_1.html\">\n\t\t\t\t\t\t\t<img fetchpriority=\"high\" decoding=\"async\" width=\"768\" height=\"432\" src=\"https:\/\/transparenciave.org\/saludcritica\/wp-content\/uploads\/2021\/05\/sos-venezuela-afp_0.jpg\" class=\"attachment-medium_large size-medium_large wp-image-1552\" alt=\"\" srcset=\"https:\/\/transparenciave.org\/saludcritica\/wp-content\/uploads\/2021\/05\/sos-venezuela-afp_0.jpg 990w, https:\/\/transparenciave.org\/saludcritica\/wp-content\/uploads\/2021\/05\/sos-venezuela-afp_0-300x169.jpg 300w\" sizes=\"(max-width: 768px) 100vw, 768px\" \/>\t\t\t\t\t\t\t\t<\/a>\n\t\t\t\t\t\t\t\t\t\t\t\t\t\t\t<\/div>\n\t\t\t\t<\/div>\n\t\t\t\t\t<\/div>\n\t\t<\/div>\n\t\t\t\t<div class=\"elementor-column elementor-col-50 elementor-top-column elementor-element elementor-element-3ce647d\" data-id=\"3ce647d\" data-element_type=\"column\">\n\t\t\t<div class=\"elementor-widget-wrap elementor-element-populated\">\n\t\t\t\t\t\t<div class=\"elementor-element elementor-element-711fa0a elementor-widget elementor-widget-text-editor\" data-id=\"711fa0a\" data-element_type=\"widget\" data-widget_type=\"text-editor.default\">\n\t\t\t\t<div class=\"elementor-widget-container\">\n\t\t\t\t\t\t\t\t\t<div class=\"title\"><h1 class=\"pull-left\" data-trigger=\"virtual-hover\" data-toggle=\"label-explicit-hover\" data-target=\".label-explicit\">Salud en Venezuela, corrupci\u00f3n en pandemia<\/h1><\/div>\t\t\t\t\t\t\t\t<\/div>\n\t\t\t\t<\/div>\n\t\t\t\t<section class=\"elementor-section elementor-inner-section elementor-element elementor-element-44a91d4 elementor-section-boxed elementor-section-height-default elementor-section-height-default\" data-id=\"44a91d4\" data-element_type=\"section\">\n\t\t\t\t\t\t<div class=\"elementor-container elementor-column-gap-default\">\n\t\t\t\t\t<div class=\"elementor-column elementor-col-50 elementor-inner-column elementor-element elementor-element-3e67311\" data-id=\"3e67311\" data-element_type=\"column\">\n\t\t\t<div class=\"elementor-widget-wrap elementor-element-populated\">\n\t\t\t\t\t\t<div class=\"elementor-element elementor-element-db4843f elementor-widget elementor-widget-text-editor\" data-id=\"db4843f\" data-element_type=\"widget\" data-widget_type=\"text-editor.default\">\n\t\t\t\t<div class=\"elementor-widget-container\">\n\t\t\t\t\t\t\t\t\t<p>Escuchar Podcast<\/p>\t\t\t\t\t\t\t\t<\/div>\n\t\t\t\t<\/div>\n\t\t\t\t<div class=\"elementor-element elementor-element-1a1e8f2 elementor-widget elementor-widget-image\" data-id=\"1a1e8f2\" data-element_type=\"widget\" data-widget_type=\"image.default\">\n\t\t\t\t<div class=\"elementor-widget-container\">\n\t\t\t\t\t\t\t\t\t\t\t\t\t\t\t\t<a href=\"https:\/\/www.ivoox.com\/salud-venezuela-corrupcion-pandemia-audios-mp3_rf_68260142_1.html\">\n\t\t\t\t\t\t\t<img decoding=\"async\" src=\"https:\/\/transparenciave.org\/saludcritica\/wp-content\/uploads\/elementor\/thumbs\/podcast-button-p77kh4hgyh7l1mdpm6on044k6eow7qficdxbvpaflg.png\" title=\"podcast button\" alt=\"podcast button\" loading=\"lazy\" \/>\t\t\t\t\t\t\t\t<\/a>\n\t\t\t\t\t\t\t\t\t\t\t\t\t\t\t<\/div>\n\t\t\t\t<\/div>\n\t\t\t\t\t<\/div>\n\t\t<\/div>\n\t\t\t\t<div class=\"elementor-column elementor-col-50 elementor-inner-column elementor-element elementor-element-5802617\" data-id=\"5802617\" data-element_type=\"column\">\n\t\t\t<div class=\"elementor-widget-wrap\">\n\t\t\t\t\t\t\t<\/div>\n\t\t<\/div>\n\t\t\t\t\t<\/div>\n\t\t<\/section>\n\t\t\t\t\t<\/div>\n\t\t<\/div>\n\t\t\t\t\t<\/div>\n\t\t<\/section>\n\t\t\t\t<section class=\"elementor-section elementor-top-section elementor-element elementor-element-6170688 elementor-section-boxed elementor-section-height-default elementor-section-height-default\" data-id=\"6170688\" data-element_type=\"section\">\n\t\t\t\t\t\t<div class=\"elementor-container elementor-column-gap-default\">\n\t\t\t\t\t<div class=\"elementor-column elementor-col-100 elementor-top-column elementor-element elementor-element-74e5380\" data-id=\"74e5380\" data-element_type=\"column\">\n\t\t\t<div class=\"elementor-widget-wrap elementor-element-populated\">\n\t\t\t\t\t\t<div class=\"elementor-element elementor-element-716ef12 elementor-widget-divider--view-line elementor-widget elementor-widget-divider\" data-id=\"716ef12\" data-element_type=\"widget\" data-widget_type=\"divider.default\">\n\t\t\t\t<div class=\"elementor-widget-container\">\n\t\t\t\t\t\t\t<div class=\"elementor-divider\">\n\t\t\t<span class=\"elementor-divider-separator\">\n\t\t\t\t\t\t<\/span>\n\t\t<\/div>\n\t\t\t\t\t\t<\/div>\n\t\t\t\t<\/div>\n\t\t\t\t\t<\/div>\n\t\t<\/div>\n\t\t\t\t\t<\/div>\n\t\t<\/section>\n\t\t\t\t<section class=\"elementor-section elementor-top-section elementor-element elementor-element-586e1c2 elementor-section-boxed elementor-section-height-default elementor-section-height-default\" data-id=\"586e1c2\" data-element_type=\"section\">\n\t\t\t\t\t\t<div class=\"elementor-container elementor-column-gap-default\">\n\t\t\t\t\t<div class=\"elementor-column elementor-col-50 elementor-top-column elementor-element elementor-element-7445327\" data-id=\"7445327\" data-element_type=\"column\">\n\t\t\t<div class=\"elementor-widget-wrap elementor-element-populated\">\n\t\t\t\t\t\t<div class=\"elementor-element elementor-element-de2b75c elementor-widget elementor-widget-text-editor\" data-id=\"de2b75c\" data-element_type=\"widget\" data-widget_type=\"text-editor.default\">\n\t\t\t\t<div class=\"elementor-widget-container\">\n\t\t\t\t\t\t\t\t\t<div class=\"title\"><h1 class=\"pull-left\" data-trigger=\"virtual-hover\" data-toggle=\"label-explicit-hover\" data-target=\".label-explicit\">Salud en Venezuela, casos y mecanismos de corrupci\u00f3n<\/h1><\/div>\t\t\t\t\t\t\t\t<\/div>\n\t\t\t\t<\/div>\n\t\t\t\t<section class=\"elementor-section elementor-inner-section elementor-element elementor-element-abb1ffc elementor-section-boxed elementor-section-height-default elementor-section-height-default\" data-id=\"abb1ffc\" data-element_type=\"section\">\n\t\t\t\t\t\t<div class=\"elementor-container elementor-column-gap-default\">\n\t\t\t\t\t<div class=\"elementor-column elementor-col-50 elementor-inner-column elementor-element elementor-element-1ba715e\" data-id=\"1ba715e\" data-element_type=\"column\">\n\t\t\t<div class=\"elementor-widget-wrap elementor-element-populated\">\n\t\t\t\t\t\t<div class=\"elementor-element elementor-element-4d2ae60 elementor-widget elementor-widget-text-editor\" data-id=\"4d2ae60\" data-element_type=\"widget\" data-widget_type=\"text-editor.default\">\n\t\t\t\t<div class=\"elementor-widget-container\">\n\t\t\t\t\t\t\t\t\t<p>Escuchar Podcast<\/p>\t\t\t\t\t\t\t\t<\/div>\n\t\t\t\t<\/div>\n\t\t\t\t<div class=\"elementor-element elementor-element-8b78a88 elementor-widget elementor-widget-image\" data-id=\"8b78a88\" data-element_type=\"widget\" data-widget_type=\"image.default\">\n\t\t\t\t<div class=\"elementor-widget-container\">\n\t\t\t\t\t\t\t\t\t\t\t\t\t\t\t\t<a href=\"https:\/\/transparenciave.org\/saludcritica\/wp-content\/uploads\/2021\/05\/03_INFOGRAFIA_-Las-diferentes-vacunas.jpg\">\n\t\t\t\t\t\t\t<img decoding=\"async\" src=\"https:\/\/transparenciave.org\/saludcritica\/wp-content\/uploads\/elementor\/thumbs\/podcast-button-p77kh4hgyh7l1mdpm6on044k6eow7qficdxbvpaflg.png\" title=\"podcast button\" alt=\"podcast button\" loading=\"lazy\" \/>\t\t\t\t\t\t\t\t<\/a>\n\t\t\t\t\t\t\t\t\t\t\t\t\t\t\t<\/div>\n\t\t\t\t<\/div>\n\t\t\t\t\t<\/div>\n\t\t<\/div>\n\t\t\t\t<div class=\"elementor-column elementor-col-50 elementor-inner-column elementor-element elementor-element-3dd9f7a\" data-id=\"3dd9f7a\" data-element_type=\"column\">\n\t\t\t<div class=\"elementor-widget-wrap\">\n\t\t\t\t\t\t\t<\/div>\n\t\t<\/div>\n\t\t\t\t\t<\/div>\n\t\t<\/section>\n\t\t\t\t\t<\/div>\n\t\t<\/div>\n\t\t\t\t<div class=\"elementor-column elementor-col-50 elementor-top-column elementor-element elementor-element-a5c00ad\" data-id=\"a5c00ad\" data-element_type=\"column\">\n\t\t\t<div class=\"elementor-widget-wrap elementor-element-populated\">\n\t\t\t\t\t\t<div class=\"elementor-element elementor-element-d6c11e9 elementor-widget elementor-widget-image\" data-id=\"d6c11e9\" data-element_type=\"widget\" data-widget_type=\"image.default\">\n\t\t\t\t<div class=\"elementor-widget-container\">\n\t\t\t\t\t\t\t\t\t\t\t\t\t\t\t\t<a href=\"https:\/\/transparenciave.org\/saludcritica\/wp-content\/uploads\/2021\/05\/03_INFOGRAFIA_-Las-diferentes-vacunas.jpg\">\n\t\t\t\t\t\t\t<img decoding=\"async\" width=\"768\" height=\"432\" src=\"https:\/\/transparenciave.org\/saludcritica\/wp-content\/uploads\/2021\/05\/Police-final.png-scaled.jpeg\" class=\"attachment-medium_large size-medium_large wp-image-1554\" alt=\"\" srcset=\"https:\/\/transparenciave.org\/saludcritica\/wp-content\/uploads\/2021\/05\/Police-final.png-scaled.jpeg 2560w, https:\/\/transparenciave.org\/saludcritica\/wp-content\/uploads\/2021\/05\/Police-final.png-300x169.jpeg 300w, https:\/\/transparenciave.org\/saludcritica\/wp-content\/uploads\/2021\/05\/Police-final.png-1024x576.jpeg 1024w, https:\/\/transparenciave.org\/saludcritica\/wp-content\/uploads\/2021\/05\/Police-final.png-1536x864.jpeg 1536w, https:\/\/transparenciave.org\/saludcritica\/wp-content\/uploads\/2021\/05\/Police-final.png-2048x1152.jpeg 2048w\" sizes=\"(max-width: 768px) 100vw, 768px\" \/>\t\t\t\t\t\t\t\t<\/a>\n\t\t\t\t\t\t\t\t\t\t\t\t\t\t\t<\/div>\n\t\t\t\t<\/div>\n\t\t\t\t\t<\/div>\n\t\t<\/div>\n\t\t\t\t\t<\/div>\n\t\t<\/section>\n\t\t\t\t<section class=\"elementor-section elementor-top-section elementor-element elementor-element-c56bc07 elementor-section-boxed elementor-section-height-default elementor-section-height-default\" data-id=\"c56bc07\" data-element_type=\"section\">\n\t\t\t\t\t\t<div class=\"elementor-container elementor-column-gap-default\">\n\t\t\t\t\t<div class=\"elementor-column elementor-col-100 elementor-top-column elementor-element elementor-element-718c1e8\" data-id=\"718c1e8\" data-element_type=\"column\">\n\t\t\t<div class=\"elementor-widget-wrap elementor-element-populated\">\n\t\t\t\t\t\t<div class=\"elementor-element elementor-element-ec8f680 elementor-widget-divider--view-line elementor-widget elementor-widget-divider\" data-id=\"ec8f680\" data-element_type=\"widget\" data-widget_type=\"divider.default\">\n\t\t\t\t<div class=\"elementor-widget-container\">\n\t\t\t\t\t\t\t<div class=\"elementor-divider\">\n\t\t\t<span class=\"elementor-divider-separator\">\n\t\t\t\t\t\t<\/span>\n\t\t<\/div>\n\t\t\t\t\t\t<\/div>\n\t\t\t\t<\/div>\n\t\t\t\t\t<\/div>\n\t\t<\/div>\n\t\t\t\t\t<\/div>\n\t\t<\/section>\n\t\t\t\t<\/div>\n\t\t","protected":false},"excerpt":{"rendered":"<p>Podcast Salud en Venezuela, corrupci\u00f3n en pandemia Escuchar Podcast Salud en Venezuela, casos y mecanismos de corrupci\u00f3n Escuchar Podcast<\/p>\n","protected":false},"author":1,"featured_media":0,"parent":0,"menu_order":0,"comment_status":"closed","ping_status":"closed","template":"","meta":{"footnotes":""},"class_list":["post-1447","page","type-page","status-publish","hentry"],"yoast_head":"<!-- This site is optimized with the Yoast SEO plugin v24.7 - https:\/\/yoast.com\/wordpress\/plugins\/seo\/ -->\n<title>Podcast - Salud Cr\u00edtica<\/title>\n<meta name=\"robots\" content=\"index, follow, max-snippet:-1, max-image-preview:large, max-video-preview:-1\" \/>\n<link rel=\"canonical\" href=\"https:\/\/transparenciave.org\/saludcritica\/podcast\/\" \/>\n<meta property=\"og:locale\" content=\"es_ES\" \/>\n<meta property=\"og:type\" content=\"article\" \/>\n<meta property=\"og:title\" content=\"Podcast - Salud Cr\u00edtica\" \/>\n<meta property=\"og:description\" content=\"Podcast Salud en Venezuela, corrupci\u00f3n en pandemia Escuchar Podcast Salud en Venezuela, casos y mecanismos de corrupci\u00f3n Escuchar Podcast\" \/>\n<meta property=\"og:url\" content=\"https:\/\/transparenciave.org\/saludcritica\/podcast\/\" \/>\n<meta property=\"og:site_name\" content=\"Salud Cr\u00edtica\" \/>\n<meta property=\"article:modified_time\" content=\"2021-05-16T15:05:56+00:00\" \/>\n<meta property=\"og:image\" content=\"https:\/\/transparenciave.org\/saludcritica\/wp-content\/uploads\/2021\/05\/podcast-button.png\" \/>\n<meta name=\"twitter:card\" content=\"summary_large_image\" \/>\n<meta name=\"twitter:label1\" content=\"Tiempo estimado de lectura\" \/>\n\t<meta name=\"twitter:data1\" content=\"2 minutos\" \/>\n<script type=\"application\/ld+json\" class=\"yoast-schema-graph\">{\"@context\":\"https:\/\/schema.org\",\"@graph\":[{\"@type\":\"WebPage\",\"@id\":\"https:\/\/transparenciave.org\/saludcritica\/podcast\/\",\"url\":\"https:\/\/transparenciave.org\/saludcritica\/podcast\/\",\"name\":\"Podcast - Salud Cr\u00edtica\",\"isPartOf\":{\"@id\":\"https:\/\/transparenciave.org\/saludcritica\/#website\"},\"primaryImageOfPage\":{\"@id\":\"https:\/\/transparenciave.org\/saludcritica\/podcast\/#primaryimage\"},\"image\":{\"@id\":\"https:\/\/transparenciave.org\/saludcritica\/podcast\/#primaryimage\"},\"thumbnailUrl\":\"https:\/\/transparenciave.org\/saludcritica\/wp-content\/uploads\/2021\/05\/podcast-button.png\",\"datePublished\":\"2021-05-15T07:27:43+00:00\",\"dateModified\":\"2021-05-16T15:05:56+00:00\",\"breadcrumb\":{\"@id\":\"https:\/\/transparenciave.org\/saludcritica\/podcast\/#breadcrumb\"},\"inLanguage\":\"es\",\"potentialAction\":[{\"@type\":\"ReadAction\",\"target\":[\"https:\/\/transparenciave.org\/saludcritica\/podcast\/\"]}]},{\"@type\":\"ImageObject\",\"inLanguage\":\"es\",\"@id\":\"https:\/\/transparenciave.org\/saludcritica\/podcast\/#primaryimage\",\"url\":\"https:\/\/transparenciave.org\/saludcritica\/wp-content\/uploads\/2021\/05\/podcast-button.png\",\"contentUrl\":\"https:\/\/transparenciave.org\/saludcritica\/wp-content\/uploads\/2021\/05\/podcast-button.png\",\"width\":214,\"height\":214},{\"@type\":\"BreadcrumbList\",\"@id\":\"https:\/\/transparenciave.org\/saludcritica\/podcast\/#breadcrumb\",\"itemListElement\":[{\"@type\":\"ListItem\",\"position\":1,\"name\":\"Portada\",\"item\":\"https:\/\/transparenciave.org\/saludcritica\/\"},{\"@type\":\"ListItem\",\"position\":2,\"name\":\"Podcast\"}]},{\"@type\":\"WebSite\",\"@id\":\"https:\/\/transparenciave.org\/saludcritica\/#website\",\"url\":\"https:\/\/transparenciave.org\/saludcritica\/\",\"name\":\"Salud Cr\u00edtica\",\"description\":\"\",\"publisher\":{\"@id\":\"https:\/\/transparenciave.org\/saludcritica\/#organization\"},\"potentialAction\":[{\"@type\":\"SearchAction\",\"target\":{\"@type\":\"EntryPoint\",\"urlTemplate\":\"https:\/\/transparenciave.org\/saludcritica\/?s={search_term_string}\"},\"query-input\":{\"@type\":\"PropertyValueSpecification\",\"valueRequired\":true,\"valueName\":\"search_term_string\"}}],\"inLanguage\":\"es\"},{\"@type\":\"Organization\",\"@id\":\"https:\/\/transparenciave.org\/saludcritica\/#organization\",\"name\":\"Salud Cr\u00edtica\",\"url\":\"https:\/\/transparenciave.org\/saludcritica\/\",\"logo\":{\"@type\":\"ImageObject\",\"inLanguage\":\"es\",\"@id\":\"https:\/\/transparenciave.org\/saludcritica\/#\/schema\/logo\/image\/\",\"url\":\"https:\/\/transparenciave.org\/saludcritica\/wp-content\/uploads\/2021\/05\/logo.png\",\"contentUrl\":\"https:\/\/transparenciave.org\/saludcritica\/wp-content\/uploads\/2021\/05\/logo.png\",\"width\":280,\"height\":65,\"caption\":\"Salud Cr\u00edtica\"},\"image\":{\"@id\":\"https:\/\/transparenciave.org\/saludcritica\/#\/schema\/logo\/image\/\"}}]}<\/script>\n<!-- \/ Yoast SEO plugin. -->","yoast_head_json":{"title":"Podcast - Salud Cr\u00edtica","robots":{"index":"index","follow":"follow","max-snippet":"max-snippet:-1","max-image-preview":"max-image-preview:large","max-video-preview":"max-video-preview:-1"},"canonical":"https:\/\/transparenciave.org\/saludcritica\/podcast\/","og_locale":"es_ES","og_type":"article","og_title":"Podcast - Salud Cr\u00edtica","og_description":"Podcast Salud en Venezuela, corrupci\u00f3n en pandemia Escuchar Podcast Salud en Venezuela, casos y mecanismos de corrupci\u00f3n Escuchar Podcast","og_url":"https:\/\/transparenciave.org\/saludcritica\/podcast\/","og_site_name":"Salud Cr\u00edtica","article_modified_time":"2021-05-16T15:05:56+00:00","og_image":[{"url":"https:\/\/transparenciave.org\/saludcritica\/wp-content\/uploads\/2021\/05\/podcast-button.png","type":"","width":"","height":""}],"twitter_card":"summary_large_image","twitter_misc":{"Tiempo estimado de lectura":"2 minutos"},"schema":{"@context":"https:\/\/schema.org","@graph":[{"@type":"WebPage","@id":"https:\/\/transparenciave.org\/saludcritica\/podcast\/","url":"https:\/\/transparenciave.org\/saludcritica\/podcast\/","name":"Podcast - Salud Cr\u00edtica","isPartOf":{"@id":"https:\/\/transparenciave.org\/saludcritica\/#website"},"primaryImageOfPage":{"@id":"https:\/\/transparenciave.org\/saludcritica\/podcast\/#primaryimage"},"image":{"@id":"https:\/\/transparenciave.org\/saludcritica\/podcast\/#primaryimage"},"thumbnailUrl":"https:\/\/transparenciave.org\/saludcritica\/wp-content\/uploads\/2021\/05\/podcast-button.png","datePublished":"2021-05-15T07:27:43+00:00","dateModified":"2021-05-16T15:05:56+00:00","breadcrumb":{"@id":"https:\/\/transparenciave.org\/saludcritica\/podcast\/#breadcrumb"},"inLanguage":"es","potentialAction":[{"@type":"ReadAction","target":["https:\/\/transparenciave.org\/saludcritica\/podcast\/"]}]},{"@type":"ImageObject","inLanguage":"es","@id":"https:\/\/transparenciave.org\/saludcritica\/podcast\/#primaryimage","url":"https:\/\/transparenciave.org\/saludcritica\/wp-content\/uploads\/2021\/05\/podcast-button.png","contentUrl":"https:\/\/transparenciave.org\/saludcritica\/wp-content\/uploads\/2021\/05\/podcast-button.png","width":214,"height":214},{"@type":"BreadcrumbList","@id":"https:\/\/transparenciave.org\/saludcritica\/podcast\/#breadcrumb","itemListElement":[{"@type":"ListItem","position":1,"name":"Portada","item":"https:\/\/transparenciave.org\/saludcritica\/"},{"@type":"ListItem","position":2,"name":"Podcast"}]},{"@type":"WebSite","@id":"https:\/\/transparenciave.org\/saludcritica\/#website","url":"https:\/\/transparenciave.org\/saludcritica\/","name":"Salud Cr\u00edtica","description":"","publisher":{"@id":"https:\/\/transparenciave.org\/saludcritica\/#organization"},"potentialAction":[{"@type":"SearchAction","target":{"@type":"EntryPoint","urlTemplate":"https:\/\/transparenciave.org\/saludcritica\/?s={search_term_string}"},"query-input":{"@type":"PropertyValueSpecification","valueRequired":true,"valueName":"search_term_string"}}],"inLanguage":"es"},{"@type":"Organization","@id":"https:\/\/transparenciave.org\/saludcritica\/#organization","name":"Salud Cr\u00edtica","url":"https:\/\/transparenciave.org\/saludcritica\/","logo":{"@type":"ImageObject","inLanguage":"es","@id":"https:\/\/transparenciave.org\/saludcritica\/#\/schema\/logo\/image\/","url":"https:\/\/transparenciave.org\/saludcritica\/wp-content\/uploads\/2021\/05\/logo.png","contentUrl":"https:\/\/transparenciave.org\/saludcritica\/wp-content\/uploads\/2021\/05\/logo.png","width":280,"height":65,"caption":"Salud Cr\u00edtica"},"image":{"@id":"https:\/\/transparenciave.org\/saludcritica\/#\/schema\/logo\/image\/"}}]}},"_links":{"self":[{"href":"https:\/\/transparenciave.org\/saludcritica\/wp-json\/wp\/v2\/pages\/1447","targetHints":{"allow":["GET"]}}],"collection":[{"href":"https:\/\/transparenciave.org\/saludcritica\/wp-json\/wp\/v2\/pages"}],"about":[{"href":"https:\/\/transparenciave.org\/saludcritica\/wp-json\/wp\/v2\/types\/page"}],"author":[{"embeddable":true,"href":"https:\/\/transparenciave.org\/saludcritica\/wp-json\/wp\/v2\/users\/1"}],"replies":[{"embeddable":true,"href":"https:\/\/transparenciave.org\/saludcritica\/wp-json\/wp\/v2\/comments?post=1447"}],"version-history":[{"count":13,"href":"https:\/\/transparenciave.org\/saludcritica\/wp-json\/wp\/v2\/pages\/1447\/revisions"}],"predecessor-version":[{"id":1911,"href":"https:\/\/transparenciave.org\/saludcritica\/wp-json\/wp\/v2\/pages\/1447\/revisions\/1911"}],"wp:attachment":[{"href":"https:\/\/transparenciave.org\/saludcritica\/wp-json\/wp\/v2\/media?parent=1447"}],"curies":[{"name":"wp","href":"https:\/\/api.w.org\/{rel}","templated":true}]}}