{"id":21,"date":"2023-08-28T11:57:20","date_gmt":"2023-08-28T15:57:20","guid":{"rendered":"https:\/\/transparenciave.org\/reportes-secretos\/?page_id=21"},"modified":"2023-09-10T08:01:17","modified_gmt":"2023-09-10T12:01:17","slug":"creditos","status":"publish","type":"page","link":"https:\/\/transparenciave.org\/reportes-secretos\/creditos\/","title":{"rendered":"Cr\u00e9ditos"},"content":{"rendered":"\t\t<div data-elementor-type=\"wp-page\" data-elementor-id=\"21\" class=\"elementor elementor-21\" data-elementor-post-type=\"page\">\n\t\t\t\t\t\t<section class=\"elementor-section elementor-top-section elementor-element elementor-element-bc112a2 elementor-section-boxed elementor-section-height-default elementor-section-height-default\" data-id=\"bc112a2\" data-element_type=\"section\">\n\t\t\t\t\t\t<div class=\"elementor-container elementor-column-gap-default\">\n\t\t\t\t\t<div class=\"elementor-column elementor-col-100 elementor-top-column elementor-element elementor-element-a21c424\" data-id=\"a21c424\" data-element_type=\"column\">\n\t\t\t<div class=\"elementor-widget-wrap elementor-element-populated\">\n\t\t\t\t\t\t<div class=\"elementor-element elementor-element-48713b9 elementor-widget elementor-widget-heading\" data-id=\"48713b9\" data-element_type=\"widget\" data-widget_type=\"heading.default\">\n\t\t\t\t<div class=\"elementor-widget-container\">\n\t\t\t\t\t<h2 class=\"elementor-heading-title elementor-size-default\">Una investigaci\u00f3n de<\/h2>\t\t\t\t<\/div>\n\t\t\t\t<\/div>\n\t\t\t\t\t<\/div>\n\t\t<\/div>\n\t\t\t\t\t<\/div>\n\t\t<\/section>\n\t\t\t\t<section class=\"elementor-section elementor-top-section elementor-element elementor-element-9a745b9 elementor-section-boxed elementor-section-height-default elementor-section-height-default\" data-id=\"9a745b9\" data-element_type=\"section\">\n\t\t\t\t\t\t<div class=\"elementor-container elementor-column-gap-default\">\n\t\t\t\t\t<div class=\"elementor-column elementor-col-50 elementor-top-column elementor-element elementor-element-0b8d97c\" data-id=\"0b8d97c\" data-element_type=\"column\">\n\t\t\t<div class=\"elementor-widget-wrap elementor-element-populated\">\n\t\t\t\t\t\t<div class=\"elementor-element elementor-element-1725da1 elementor-widget elementor-widget-image\" data-id=\"1725da1\" data-element_type=\"widget\" data-widget_type=\"image.default\">\n\t\t\t\t<div class=\"elementor-widget-container\">\n\t\t\t\t\t\t\t\t\t\t\t\t\t\t\t<img decoding=\"async\" width=\"185\" height=\"118\" src=\"https:\/\/transparenciave.org\/reportes-secretos\/wp-content\/uploads\/2023\/08\/transparencia-venezuela-1.webp\" class=\"attachment-large size-large wp-image-57\" alt=\"\" \/>\t\t\t\t\t\t\t\t\t\t\t\t\t\t\t<\/div>\n\t\t\t\t<\/div>\n\t\t\t\t\t<\/div>\n\t\t<\/div>\n\t\t\t\t<div class=\"elementor-column elementor-col-50 elementor-top-column elementor-element elementor-element-e2b466a\" data-id=\"e2b466a\" data-element_type=\"column\">\n\t\t\t<div class=\"elementor-widget-wrap elementor-element-populated\">\n\t\t\t\t\t\t<div class=\"elementor-element elementor-element-1a56778 elementor-widget elementor-widget-image\" data-id=\"1a56778\" data-element_type=\"widget\" data-widget_type=\"image.default\">\n\t\t\t\t<div class=\"elementor-widget-container\">\n\t\t\t\t\t\t\t\t\t\t\t\t\t\t\t<img fetchpriority=\"high\" decoding=\"async\" width=\"469\" height=\"219\" src=\"https:\/\/transparenciave.org\/reportes-secretos\/wp-content\/uploads\/2023\/09\/logo4.png\" class=\"attachment-large size-large wp-image-228\" alt=\"\" srcset=\"https:\/\/transparenciave.org\/reportes-secretos\/wp-content\/uploads\/2023\/09\/logo4.png 469w, https:\/\/transparenciave.org\/reportes-secretos\/wp-content\/uploads\/2023\/09\/logo4-300x140.png 300w\" sizes=\"(max-width: 469px) 100vw, 469px\" \/>\t\t\t\t\t\t\t\t\t\t\t\t\t\t\t<\/div>\n\t\t\t\t<\/div>\n\t\t\t\t\t<\/div>\n\t\t<\/div>\n\t\t\t\t\t<\/div>\n\t\t<\/section>\n\t\t\t\t<section class=\"elementor-section elementor-top-section elementor-element elementor-element-3c76171 elementor-section-boxed elementor-section-height-default elementor-section-height-default\" data-id=\"3c76171\" data-element_type=\"section\">\n\t\t\t\t\t\t<div class=\"elementor-container elementor-column-gap-default\">\n\t\t\t\t\t<div class=\"elementor-column elementor-col-25 elementor-top-column elementor-element elementor-element-5b98cd7\" data-id=\"5b98cd7\" data-element_type=\"column\">\n\t\t\t<div class=\"elementor-widget-wrap elementor-element-populated\">\n\t\t\t\t\t\t<div class=\"elementor-element elementor-element-e198aaf elementor-widget elementor-widget-heading\" data-id=\"e198aaf\" data-element_type=\"widget\" data-widget_type=\"heading.default\">\n\t\t\t\t<div class=\"elementor-widget-container\">\n\t\t\t\t\t<h2 class=\"elementor-heading-title elementor-size-default\">Con el apoyo de<\/h2>\t\t\t\t<\/div>\n\t\t\t\t<\/div>\n\t\t\t\t\t<\/div>\n\t\t<\/div>\n\t\t\t\t<div class=\"elementor-column elementor-col-25 elementor-top-column elementor-element elementor-element-4c9c635\" data-id=\"4c9c635\" data-element_type=\"column\">\n\t\t\t<div class=\"elementor-widget-wrap elementor-element-populated\">\n\t\t\t\t\t\t<div class=\"elementor-element elementor-element-8881820 elementor-widget elementor-widget-image\" data-id=\"8881820\" data-element_type=\"widget\" data-widget_type=\"image.default\">\n\t\t\t\t<div class=\"elementor-widget-container\">\n\t\t\t\t\t\t\t\t\t\t\t\t\t\t\t<img decoding=\"async\" width=\"800\" height=\"216\" src=\"https:\/\/transparenciave.org\/reportes-secretos\/wp-content\/uploads\/2023\/09\/logo3-1024x277.png\" class=\"attachment-large size-large wp-image-227\" alt=\"\" srcset=\"https:\/\/transparenciave.org\/reportes-secretos\/wp-content\/uploads\/2023\/09\/logo3-1024x277.png 1024w, https:\/\/transparenciave.org\/reportes-secretos\/wp-content\/uploads\/2023\/09\/logo3-300x81.png 300w, https:\/\/transparenciave.org\/reportes-secretos\/wp-content\/uploads\/2023\/09\/logo3-768x208.png 768w, https:\/\/transparenciave.org\/reportes-secretos\/wp-content\/uploads\/2023\/09\/logo3.png 1045w\" sizes=\"(max-width: 800px) 100vw, 800px\" \/>\t\t\t\t\t\t\t\t\t\t\t\t\t\t\t<\/div>\n\t\t\t\t<\/div>\n\t\t\t\t\t<\/div>\n\t\t<\/div>\n\t\t\t\t<div class=\"elementor-column elementor-col-25 elementor-top-column elementor-element elementor-element-d37c004\" data-id=\"d37c004\" data-element_type=\"column\">\n\t\t\t<div class=\"elementor-widget-wrap elementor-element-populated\">\n\t\t\t\t\t\t<div class=\"elementor-element elementor-element-dd15210 elementor-widget elementor-widget-image\" data-id=\"dd15210\" data-element_type=\"widget\" data-widget_type=\"image.default\">\n\t\t\t\t<div class=\"elementor-widget-container\">\n\t\t\t\t\t\t\t\t\t\t\t\t\t\t\t<img loading=\"lazy\" decoding=\"async\" width=\"800\" height=\"191\" src=\"https:\/\/transparenciave.org\/reportes-secretos\/wp-content\/uploads\/2023\/09\/logo2.png\" class=\"attachment-large size-large wp-image-226\" alt=\"\" srcset=\"https:\/\/transparenciave.org\/reportes-secretos\/wp-content\/uploads\/2023\/09\/logo2.png 994w, https:\/\/transparenciave.org\/reportes-secretos\/wp-content\/uploads\/2023\/09\/logo2-300x72.png 300w, https:\/\/transparenciave.org\/reportes-secretos\/wp-content\/uploads\/2023\/09\/logo2-768x183.png 768w\" sizes=\"(max-width: 800px) 100vw, 800px\" \/>\t\t\t\t\t\t\t\t\t\t\t\t\t\t\t<\/div>\n\t\t\t\t<\/div>\n\t\t\t\t\t<\/div>\n\t\t<\/div>\n\t\t\t\t<div class=\"elementor-column elementor-col-25 elementor-top-column elementor-element elementor-element-63bad0d\" data-id=\"63bad0d\" data-element_type=\"column\">\n\t\t\t<div class=\"elementor-widget-wrap elementor-element-populated\">\n\t\t\t\t\t\t<div class=\"elementor-element elementor-element-009d3ef elementor-widget elementor-widget-image\" data-id=\"009d3ef\" data-element_type=\"widget\" data-widget_type=\"image.default\">\n\t\t\t\t<div class=\"elementor-widget-container\">\n\t\t\t\t\t\t\t\t\t\t\t\t\t\t\t<img loading=\"lazy\" decoding=\"async\" width=\"799\" height=\"262\" src=\"https:\/\/transparenciave.org\/reportes-secretos\/wp-content\/uploads\/2023\/09\/logo.png\" class=\"attachment-large size-large wp-image-225\" alt=\"\" srcset=\"https:\/\/transparenciave.org\/reportes-secretos\/wp-content\/uploads\/2023\/09\/logo.png 799w, https:\/\/transparenciave.org\/reportes-secretos\/wp-content\/uploads\/2023\/09\/logo-300x98.png 300w, https:\/\/transparenciave.org\/reportes-secretos\/wp-content\/uploads\/2023\/09\/logo-768x252.png 768w\" sizes=\"(max-width: 799px) 100vw, 799px\" \/>\t\t\t\t\t\t\t\t\t\t\t\t\t\t\t<\/div>\n\t\t\t\t<\/div>\n\t\t\t\t\t<\/div>\n\t\t<\/div>\n\t\t\t\t\t<\/div>\n\t\t<\/section>\n\t\t\t\t<section class=\"elementor-section elementor-top-section elementor-element elementor-element-6f4baf8 elementor-section-boxed elementor-section-height-default elementor-section-height-default\" data-id=\"6f4baf8\" data-element_type=\"section\">\n\t\t\t\t\t\t<div class=\"elementor-container elementor-column-gap-default\">\n\t\t\t\t\t<div class=\"elementor-column elementor-col-100 elementor-top-column elementor-element elementor-element-ad4b7d4\" data-id=\"ad4b7d4\" data-element_type=\"column\" data-settings=\"{&quot;background_background&quot;:&quot;classic&quot;}\">\n\t\t\t<div class=\"elementor-widget-wrap elementor-element-populated\">\n\t\t\t\t\t\t<div class=\"elementor-element elementor-element-af659a3 elementor-widget elementor-widget-text-editor\" data-id=\"af659a3\" data-element_type=\"widget\" data-widget_type=\"text-editor.default\">\n\t\t\t\t<div class=\"elementor-widget-container\">\n\t\t\t\t\t\t\t\t\t<h4><b>Textos e investigaci\u00f3n<\/b><\/h4><p>Iv\u00e1n Ru\u00edz, Mar\u00eda Fernanda Sojo y Armando Altuve<\/p><h4><b>Ilustraciones, infograf\u00edas y redes<\/b><\/h4><p>Daniel Hern\u00e1ndez, Yenderzon Bastardo, Soraya Mujica y JustSeo<\/p><h4><b>Montaje y dise\u00f1o web<\/b><\/h4><p><a style=\"color: white;\" href=\"https:\/\/justseo.cl\/\">JustSeo<\/a><\/p><p><b>Fotograf\u00edas<br \/><\/b>Transparencia Venezuela y archivo<\/p><h4><b>Edici\u00f3n<\/b><\/h4><p>Mar\u00eda Teresa Ronderos y V\u00edctor Amaya<\/p><h4><b>Estrategia de difusi\u00f3n<\/b><\/h4><p><span style=\"font-weight: 400;\">Benytsa Gonz\u00e1lez, Kelly Garc\u00eda, Jos\u00e9 Luis Pe\u00f1arredonda y Luisa L\u00f3pez<\/span><\/p><h4><b>Direcci\u00f3n general<\/b><\/h4><p>Mercedes De Freitas<\/p><h4><b>Publicado en septiembre 2023<\/b><\/h4>\t\t\t\t\t\t\t\t<\/div>\n\t\t\t\t<\/div>\n\t\t\t\t\t<\/div>\n\t\t<\/div>\n\t\t\t\t\t<\/div>\n\t\t<\/section>\n\t\t\t\t<\/div>\n\t\t","protected":false},"excerpt":{"rendered":"<p>Una investigaci\u00f3n de Con el apoyo de Textos e investigaci\u00f3n Iv\u00e1n Ru\u00edz, Mar\u00eda Fernanda Sojo y Armando Altuve Ilustraciones, infograf\u00edas y redes Daniel Hern\u00e1ndez, Yenderzon Bastardo, Soraya Mujica y JustSeo Montaje y dise\u00f1o web JustSeo Fotograf\u00edasTransparencia Venezuela y archivo Edici\u00f3n Mar\u00eda Teresa Ronderos y V\u00edctor Amaya Estrategia de difusi\u00f3n Benytsa Gonz\u00e1lez, Kelly Garc\u00eda, Jos\u00e9 Luis [&hellip;]<\/p>\n","protected":false},"author":2,"featured_media":0,"parent":0,"menu_order":0,"comment_status":"closed","ping_status":"closed","template":"","meta":{"footnotes":""},"class_list":["post-21","page","type-page","status-publish","hentry"],"yoast_head":"<!-- This site is optimized with the Yoast SEO plugin v25.1 - https:\/\/yoast.com\/wordpress\/plugins\/seo\/ -->\n<title>Cr\u00e9ditos - Transparencia Venezuela<\/title>\n<meta name=\"robots\" content=\"index, follow, max-snippet:-1, max-image-preview:large, max-video-preview:-1\" \/>\n<link rel=\"canonical\" href=\"https:\/\/transparenciave.org\/reportes-secretos\/creditos\/\" \/>\n<meta property=\"og:locale\" content=\"es_ES\" \/>\n<meta property=\"og:type\" content=\"article\" \/>\n<meta property=\"og:title\" content=\"Cr\u00e9ditos - Transparencia Venezuela\" \/>\n<meta property=\"og:description\" content=\"Una investigaci\u00f3n de Con el apoyo de Textos e investigaci\u00f3n Iv\u00e1n Ru\u00edz, Mar\u00eda Fernanda Sojo y Armando Altuve Ilustraciones, infograf\u00edas y redes Daniel Hern\u00e1ndez, Yenderzon Bastardo, Soraya Mujica y JustSeo Montaje y dise\u00f1o web JustSeo Fotograf\u00edasTransparencia Venezuela y archivo Edici\u00f3n Mar\u00eda Teresa Ronderos y V\u00edctor Amaya Estrategia de difusi\u00f3n Benytsa Gonz\u00e1lez, Kelly Garc\u00eda, Jos\u00e9 Luis [&hellip;]\" \/>\n<meta property=\"og:url\" content=\"https:\/\/transparenciave.org\/reportes-secretos\/creditos\/\" \/>\n<meta property=\"og:site_name\" content=\"Transparencia Venezuela\" \/>\n<meta property=\"article:modified_time\" content=\"2023-09-10T12:01:17+00:00\" \/>\n<meta property=\"og:image\" content=\"https:\/\/transparenciave.org\/reportes-secretos\/wp-content\/uploads\/2023\/08\/transparencia-venezuela-1.webp\" \/>\n<meta name=\"twitter:card\" content=\"summary_large_image\" \/>\n<script type=\"application\/ld+json\" class=\"yoast-schema-graph\">{\"@context\":\"https:\/\/schema.org\",\"@graph\":[{\"@type\":\"WebPage\",\"@id\":\"https:\/\/transparenciave.org\/reportes-secretos\/creditos\/\",\"url\":\"https:\/\/transparenciave.org\/reportes-secretos\/creditos\/\",\"name\":\"Cr\u00e9ditos - Transparencia Venezuela\",\"isPartOf\":{\"@id\":\"https:\/\/transparenciave.org\/reportes-secretos\/#website\"},\"primaryImageOfPage\":{\"@id\":\"https:\/\/transparenciave.org\/reportes-secretos\/creditos\/#primaryimage\"},\"image\":{\"@id\":\"https:\/\/transparenciave.org\/reportes-secretos\/creditos\/#primaryimage\"},\"thumbnailUrl\":\"https:\/\/transparenciave.org\/reportes-secretos\/wp-content\/uploads\/2023\/08\/transparencia-venezuela-1.webp\",\"datePublished\":\"2023-08-28T15:57:20+00:00\",\"dateModified\":\"2023-09-10T12:01:17+00:00\",\"breadcrumb\":{\"@id\":\"https:\/\/transparenciave.org\/reportes-secretos\/creditos\/#breadcrumb\"},\"inLanguage\":\"es\",\"potentialAction\":[{\"@type\":\"ReadAction\",\"target\":[\"https:\/\/transparenciave.org\/reportes-secretos\/creditos\/\"]}]},{\"@type\":\"ImageObject\",\"inLanguage\":\"es\",\"@id\":\"https:\/\/transparenciave.org\/reportes-secretos\/creditos\/#primaryimage\",\"url\":\"https:\/\/transparenciave.org\/reportes-secretos\/wp-content\/uploads\/2023\/08\/transparencia-venezuela-1.webp\",\"contentUrl\":\"https:\/\/transparenciave.org\/reportes-secretos\/wp-content\/uploads\/2023\/08\/transparencia-venezuela-1.webp\",\"width\":185,\"height\":118},{\"@type\":\"BreadcrumbList\",\"@id\":\"https:\/\/transparenciave.org\/reportes-secretos\/creditos\/#breadcrumb\",\"itemListElement\":[{\"@type\":\"ListItem\",\"position\":1,\"name\":\"Portada\",\"item\":\"https:\/\/transparenciave.org\/reportes-secretos\/\"},{\"@type\":\"ListItem\",\"position\":2,\"name\":\"Cr\u00e9ditos\"}]},{\"@type\":\"WebSite\",\"@id\":\"https:\/\/transparenciave.org\/reportes-secretos\/#website\",\"url\":\"https:\/\/transparenciave.org\/reportes-secretos\/\",\"name\":\"Transparencia Venezuela\",\"description\":\"Reportes Secretos\",\"publisher\":{\"@id\":\"https:\/\/transparenciave.org\/reportes-secretos\/#organization\"},\"potentialAction\":[{\"@type\":\"SearchAction\",\"target\":{\"@type\":\"EntryPoint\",\"urlTemplate\":\"https:\/\/transparenciave.org\/reportes-secretos\/?s={search_term_string}\"},\"query-input\":{\"@type\":\"PropertyValueSpecification\",\"valueRequired\":true,\"valueName\":\"search_term_string\"}}],\"inLanguage\":\"es\"},{\"@type\":\"Organization\",\"@id\":\"https:\/\/transparenciave.org\/reportes-secretos\/#organization\",\"name\":\"Transparencia Venezuela\",\"url\":\"https:\/\/transparenciave.org\/reportes-secretos\/\",\"logo\":{\"@type\":\"ImageObject\",\"inLanguage\":\"es\",\"@id\":\"https:\/\/transparenciave.org\/reportes-secretos\/#\/schema\/logo\/image\/\",\"url\":\"https:\/\/transparenciave.org\/reportes-secretos\/wp-content\/uploads\/2023\/08\/cropped-logo-menu.png\",\"contentUrl\":\"https:\/\/transparenciave.org\/reportes-secretos\/wp-content\/uploads\/2023\/08\/cropped-logo-menu.png\",\"width\":171,\"height\":110,\"caption\":\"Transparencia Venezuela\"},\"image\":{\"@id\":\"https:\/\/transparenciave.org\/reportes-secretos\/#\/schema\/logo\/image\/\"}}]}<\/script>\n<!-- \/ Yoast SEO plugin. -->","yoast_head_json":{"title":"Cr\u00e9ditos - Transparencia Venezuela","robots":{"index":"index","follow":"follow","max-snippet":"max-snippet:-1","max-image-preview":"max-image-preview:large","max-video-preview":"max-video-preview:-1"},"canonical":"https:\/\/transparenciave.org\/reportes-secretos\/creditos\/","og_locale":"es_ES","og_type":"article","og_title":"Cr\u00e9ditos - Transparencia Venezuela","og_description":"Una investigaci\u00f3n de Con el apoyo de Textos e investigaci\u00f3n Iv\u00e1n Ru\u00edz, Mar\u00eda Fernanda Sojo y Armando Altuve Ilustraciones, infograf\u00edas y redes Daniel Hern\u00e1ndez, Yenderzon Bastardo, Soraya Mujica y JustSeo Montaje y dise\u00f1o web JustSeo Fotograf\u00edasTransparencia Venezuela y archivo Edici\u00f3n Mar\u00eda Teresa Ronderos y V\u00edctor Amaya Estrategia de difusi\u00f3n Benytsa Gonz\u00e1lez, Kelly Garc\u00eda, Jos\u00e9 Luis [&hellip;]","og_url":"https:\/\/transparenciave.org\/reportes-secretos\/creditos\/","og_site_name":"Transparencia Venezuela","article_modified_time":"2023-09-10T12:01:17+00:00","og_image":[{"url":"https:\/\/transparenciave.org\/reportes-secretos\/wp-content\/uploads\/2023\/08\/transparencia-venezuela-1.webp","type":"","width":"","height":""}],"twitter_card":"summary_large_image","schema":{"@context":"https:\/\/schema.org","@graph":[{"@type":"WebPage","@id":"https:\/\/transparenciave.org\/reportes-secretos\/creditos\/","url":"https:\/\/transparenciave.org\/reportes-secretos\/creditos\/","name":"Cr\u00e9ditos - Transparencia Venezuela","isPartOf":{"@id":"https:\/\/transparenciave.org\/reportes-secretos\/#website"},"primaryImageOfPage":{"@id":"https:\/\/transparenciave.org\/reportes-secretos\/creditos\/#primaryimage"},"image":{"@id":"https:\/\/transparenciave.org\/reportes-secretos\/creditos\/#primaryimage"},"thumbnailUrl":"https:\/\/transparenciave.org\/reportes-secretos\/wp-content\/uploads\/2023\/08\/transparencia-venezuela-1.webp","datePublished":"2023-08-28T15:57:20+00:00","dateModified":"2023-09-10T12:01:17+00:00","breadcrumb":{"@id":"https:\/\/transparenciave.org\/reportes-secretos\/creditos\/#breadcrumb"},"inLanguage":"es","potentialAction":[{"@type":"ReadAction","target":["https:\/\/transparenciave.org\/reportes-secretos\/creditos\/"]}]},{"@type":"ImageObject","inLanguage":"es","@id":"https:\/\/transparenciave.org\/reportes-secretos\/creditos\/#primaryimage","url":"https:\/\/transparenciave.org\/reportes-secretos\/wp-content\/uploads\/2023\/08\/transparencia-venezuela-1.webp","contentUrl":"https:\/\/transparenciave.org\/reportes-secretos\/wp-content\/uploads\/2023\/08\/transparencia-venezuela-1.webp","width":185,"height":118},{"@type":"BreadcrumbList","@id":"https:\/\/transparenciave.org\/reportes-secretos\/creditos\/#breadcrumb","itemListElement":[{"@type":"ListItem","position":1,"name":"Portada","item":"https:\/\/transparenciave.org\/reportes-secretos\/"},{"@type":"ListItem","position":2,"name":"Cr\u00e9ditos"}]},{"@type":"WebSite","@id":"https:\/\/transparenciave.org\/reportes-secretos\/#website","url":"https:\/\/transparenciave.org\/reportes-secretos\/","name":"Transparencia Venezuela","description":"Reportes Secretos","publisher":{"@id":"https:\/\/transparenciave.org\/reportes-secretos\/#organization"},"potentialAction":[{"@type":"SearchAction","target":{"@type":"EntryPoint","urlTemplate":"https:\/\/transparenciave.org\/reportes-secretos\/?s={search_term_string}"},"query-input":{"@type":"PropertyValueSpecification","valueRequired":true,"valueName":"search_term_string"}}],"inLanguage":"es"},{"@type":"Organization","@id":"https:\/\/transparenciave.org\/reportes-secretos\/#organization","name":"Transparencia Venezuela","url":"https:\/\/transparenciave.org\/reportes-secretos\/","logo":{"@type":"ImageObject","inLanguage":"es","@id":"https:\/\/transparenciave.org\/reportes-secretos\/#\/schema\/logo\/image\/","url":"https:\/\/transparenciave.org\/reportes-secretos\/wp-content\/uploads\/2023\/08\/cropped-logo-menu.png","contentUrl":"https:\/\/transparenciave.org\/reportes-secretos\/wp-content\/uploads\/2023\/08\/cropped-logo-menu.png","width":171,"height":110,"caption":"Transparencia Venezuela"},"image":{"@id":"https:\/\/transparenciave.org\/reportes-secretos\/#\/schema\/logo\/image\/"}}]}},"_links":{"self":[{"href":"https:\/\/transparenciave.org\/reportes-secretos\/wp-json\/wp\/v2\/pages\/21","targetHints":{"allow":["GET"]}}],"collection":[{"href":"https:\/\/transparenciave.org\/reportes-secretos\/wp-json\/wp\/v2\/pages"}],"about":[{"href":"https:\/\/transparenciave.org\/reportes-secretos\/wp-json\/wp\/v2\/types\/page"}],"author":[{"embeddable":true,"href":"https:\/\/transparenciave.org\/reportes-secretos\/wp-json\/wp\/v2\/users\/2"}],"replies":[{"embeddable":true,"href":"https:\/\/transparenciave.org\/reportes-secretos\/wp-json\/wp\/v2\/comments?post=21"}],"version-history":[{"count":50,"href":"https:\/\/transparenciave.org\/reportes-secretos\/wp-json\/wp\/v2\/pages\/21\/revisions"}],"predecessor-version":[{"id":1951,"href":"https:\/\/transparenciave.org\/reportes-secretos\/wp-json\/wp\/v2\/pages\/21\/revisions\/1951"}],"wp:attachment":[{"href":"https:\/\/transparenciave.org\/reportes-secretos\/wp-json\/wp\/v2\/media?parent=21"}],"curies":[{"name":"wp","href":"https:\/\/api.w.org\/{rel}","templated":true}]}}