{"id":3698,"date":"2025-05-15T14:20:17","date_gmt":"2025-05-15T14:20:17","guid":{"rendered":"https:\/\/transparenciave.org\/obrasinconclusas\/?page_id=3698"},"modified":"2025-05-16T18:37:20","modified_gmt":"2025-05-16T18:37:20","slug":"geolocalizacion","status":"publish","type":"page","link":"https:\/\/transparenciave.org\/obrasinconclusas\/geolocalizacion\/","title":{"rendered":"Geolocalizaci\u00f3n"},"content":{"rendered":"<p>[et_pb_section fb_built=\u00bb1&#8243; custom_padding_last_edited=\u00bbon|phone\u00bb disabled_on=\u00bbon|on|off\u00bb _builder_version=\u00bb4.17.4&#8243; _module_preset=\u00bbdefault\u00bb custom_margin=\u00bb0px||0px||false|false\u00bb custom_margin_tablet=\u00bb||0px||false|false\u00bb custom_margin_phone=\u00bb0px||0px||false|false\u00bb custom_margin_last_edited=\u00bbon|phone\u00bb custom_padding=\u00bb0px||0px||false|false\u00bb custom_padding_tablet=\u00bb||0px||false|false\u00bb custom_padding_phone=\u00bb0px||0px||false|false\u00bb locked=\u00bboff\u00bb global_colors_info=\u00bb{}\u00bb][et_pb_row _builder_version=\u00bb4.16.1&#8243; _module_preset=\u00bbdefault\u00bb custom_margin=\u00bb||0px||false|false\u00bb custom_padding=\u00bb||0px||false|false\u00bb global_colors_info=\u00bb{}\u00bb][et_pb_column type=\u00bb4_4&#8243; _builder_version=\u00bb4.16.1&#8243; _module_preset=\u00bbdefault\u00bb global_colors_info=\u00bb{}\u00bb][et_pb_text _builder_version=\u00bb4.27.4&#8243; _module_preset=\u00bbdefault\u00bb text_text_color=\u00bb#000000&#8243; text_font_size=\u00bb18px\u00bb locked=\u00bboff\u00bb global_colors_info=\u00bb{}\u00bb]<\/p>\n<p>En este mapa puede ver la geolocalizaci\u00f3n de m\u00e1s de 120 obras inconclusas, con im\u00e1genes satelitales actuales, que muestran la desidia y el abandono de las autoridades. Navegue en el mapa y conozca m\u00e1s de esos proyectos<\/p>\n<p>[\/et_pb_text][\/et_pb_column][\/et_pb_row][\/et_pb_section][et_pb_section fb_built=\u00bb1&#8243; _builder_version=\u00bb4.27.4&#8243; _module_preset=\u00bbdefault\u00bb global_colors_info=\u00bb{}\u00bb][et_pb_row _builder_version=\u00bb4.27.4&#8243; _module_preset=\u00bbdefault\u00bb global_colors_info=\u00bb{}\u00bb][et_pb_column type=\u00bb4_4&#8243; _builder_version=\u00bb4.27.4&#8243; _module_preset=\u00bbdefault\u00bb global_colors_info=\u00bb{}\u00bb][et_pb_text _builder_version=\u00bb4.27.4&#8243; _module_preset=\u00bbdefault\u00bb text_orientation=\u00bbcenter\u00bb global_colors_info=\u00bb{}\u00bb]\n<!-- iframe plugin v.5.2 wordpress.org\/plugins\/iframe\/ -->\n<iframe loading=\"lazy\" src=\"https:\/\/www.google.com\/maps\/d\/embed?mid=1W22E4WmFdOXIkJvFu3xma1eje4OZzJI&#038;ehbc=2E312F\" width=\"720\" height=\"580\" scrolling=\"yes\" class=\"iframe-class\" frameborder=\"0\"><\/iframe>\n[\/et_pb_text][\/et_pb_column][\/et_pb_row][\/et_pb_section]<\/p>\n","protected":false},"excerpt":{"rendered":"<p>En este mapa puede ver la geolocalizaci\u00f3n de m\u00e1s de 120 obras inconclusas, con im\u00e1genes satelitales actuales, que muestran la desidia y el abandono de las autoridades. Navegue en el mapa y conozca m\u00e1s de esos proyectos\n<!-- iframe plugin v.5.2 wordpress.org\/plugins\/iframe\/ -->\n<iframe loading=\"lazy\" src=\"https:\/\/www.google.com\/maps\/d\/embed?mid=1W22E4WmFdOXIkJvFu3xma1eje4OZzJI&#038;ehbc=2E312F\" width=\"720\" height=\"580\" scrolling=\"yes\" class=\"iframe-class\" frameborder=\"0\"><\/iframe>\n<\/p>\n","protected":false},"author":4,"featured_media":0,"parent":0,"menu_order":0,"comment_status":"closed","ping_status":"closed","template":"","meta":{"_acf_changed":false,"_et_pb_use_builder":"on","_et_pb_old_content":"","_et_gb_content_width":"","footnotes":""},"class_list":["post-3698","page","type-page","status-publish","hentry"],"acf":[],"_links":{"self":[{"href":"https:\/\/transparenciave.org\/obrasinconclusas\/wp-json\/wp\/v2\/pages\/3698","targetHints":{"allow":["GET"]}}],"collection":[{"href":"https:\/\/transparenciave.org\/obrasinconclusas\/wp-json\/wp\/v2\/pages"}],"about":[{"href":"https:\/\/transparenciave.org\/obrasinconclusas\/wp-json\/wp\/v2\/types\/page"}],"author":[{"embeddable":true,"href":"https:\/\/transparenciave.org\/obrasinconclusas\/wp-json\/wp\/v2\/users\/4"}],"replies":[{"embeddable":true,"href":"https:\/\/transparenciave.org\/obrasinconclusas\/wp-json\/wp\/v2\/comments?post=3698"}],"version-history":[{"count":33,"href":"https:\/\/transparenciave.org\/obrasinconclusas\/wp-json\/wp\/v2\/pages\/3698\/revisions"}],"predecessor-version":[{"id":3776,"href":"https:\/\/transparenciave.org\/obrasinconclusas\/wp-json\/wp\/v2\/pages\/3698\/revisions\/3776"}],"wp:attachment":[{"href":"https:\/\/transparenciave.org\/obrasinconclusas\/wp-json\/wp\/v2\/media?parent=3698"}],"curies":[{"name":"wp","href":"https:\/\/api.w.org\/{rel}","templated":true}]}}