{"id":3043,"date":"2022-09-14T11:51:34","date_gmt":"2022-09-14T11:51:34","guid":{"rendered":"https:\/\/transparenciave.org\/obrasinconclusas\/?page_id=3043"},"modified":"2025-05-15T20:10:33","modified_gmt":"2025-05-15T20:10:33","slug":"acerda-de","status":"publish","type":"page","link":"https:\/\/transparenciave.org\/obrasinconclusas\/acerda-de\/","title":{"rendered":"Acerda de"},"content":{"rendered":"<p>[et_pb_section fb_built=\u00bb1&#8243; admin_label=\u00bbintroduccion\u00bb module_id=\u00bbmostrar-info-1&#8243; _builder_version=\u00bb4.18.0&#8243; _module_preset=\u00bbdefault\u00bb width=\u00bb100%\u00bb max_width=\u00bb100%\u00bb custom_padding=\u00bb3px|||||\u00bb collapsed=\u00bboff\u00bb global_colors_info=\u00bb{}\u00bb][et_pb_row _builder_version=\u00bb4.18.0&#8243; _module_preset=\u00bbdefault\u00bb global_colors_info=\u00bb{}\u00bb][et_pb_column type=\u00bb4_4&#8243; _builder_version=\u00bb4.18.0&#8243; _module_preset=\u00bbdefault\u00bb global_colors_info=\u00bb{}\u00bb][et_pb_text _builder_version=\u00bb4.18.0&#8243; _module_preset=\u00bbdefault\u00bb text_text_color=\u00bb#000000&#8243; text_font_size=\u00bb18px\u00bb hover_enabled=\u00bb0&#8243; global_colors_info=\u00bb{}\u00bb sticky_enabled=\u00bb0&#8243;]<\/p>\n<p style=\"text-align: justify;\">Por m\u00e1s de cinco a\u00f1os, Transparencia Venezuela ha trabajado en el seguimiento a las obras inconclusas, iniciadas o financiadas desde la llegada de Hugo Ch\u00e1vez al poder, en un esfuerzo por contribuir con el derecho de acceso a la informaci\u00f3n p\u00fablica. Venezuela se ubica entre los pa\u00edses con mayor opacidad en el manejo de recursos p\u00fablicos. No es un secreto que el presupuesto nacional no se publica desde el a\u00f1o 2017, y la poca informaci\u00f3n que se tiene sobre el tema conlleva a un esfuerzo tit\u00e1nico. La opacidad, falta de rendici\u00f3n de cuentas y nula existencia de contrapesos al Ejecutivo nacional se convirtieron en la regla de los gobiernos de Ch\u00e1vez y Nicol\u00e1s Maduro.\u00a0<\/p>\n<p style=\"text-align: justify;\">\u00a0Por ello, la organizaci\u00f3n investiga, revisa, compara, procesa y traduce la informaci\u00f3n que no est\u00e1 disponible o es de dif\u00edcil ubicaci\u00f3n para el p\u00fablico, y la pone a disposici\u00f3n de los ciudadanos. Particularmente, en este trabajo est\u00e1n reflejados, entre otros, los informes de: <\/p>\n<p>[\/et_pb_text][\/et_pb_column][\/et_pb_row][et_pb_row column_structure=\u00bb1_2,1_2&#8243; disabled_on=\u00bbon|on|off\u00bb admin_label=\u00bbimagen &#8211; texto1&#8243; _builder_version=\u00bb4.18.0&#8243; _module_preset=\u00bbdefault\u00bb background_enable_color=\u00bboff\u00bb background_image=\u00bbhttps:\/\/transparenciave.org\/obrasinconclusas\/wp-content\/uploads\/2022\/09\/fondo-imagenes-y-texto.png\u00bb background_size=\u00bbcustom\u00bb background_image_width=\u00bb100%\u00bb background_image_height=\u00bb100%\u00bb width=\u00bb100%\u00bb max_width=\u00bb100%\u00bb custom_margin=\u00bb||20px||false|false\u00bb custom_padding=\u00bb0px||0px||true|false\u00bb custom_css_main_element=\u00bbdisplay:flex;||align-items:center;\u00bb global_colors_info=\u00bb{}\u00bb][et_pb_column type=\u00bb1_2&#8243; _builder_version=\u00bb4.18.0&#8243; _module_preset=\u00bbdefault\u00bb global_colors_info=\u00bb{}\u00bb][et_pb_image src=\u00bbhttps:\/\/transparenciave.org\/obrasinconclusas\/wp-content\/uploads\/2022\/09\/imagen-medio-puente.png\u00bb title_text=\u00bbimagen medio puente\u00bb _builder_version=\u00bb4.18.0&#8243; _module_preset=\u00bbdefault\u00bb custom_padding=\u00bb|||120px|false|false\u00bb global_colors_info=\u00bb{}\u00bb][\/et_pb_image][\/et_pb_column][et_pb_column type=\u00bb1_2&#8243; _builder_version=\u00bb4.18.0&#8243; _module_preset=\u00bbdefault\u00bb global_colors_info=\u00bb{}\u00bb][et_pb_text _builder_version=\u00bb4.18.0&#8243; _module_preset=\u00bbdefault\u00bb text_font=\u00bbBebas Neue||||||||\u00bb text_text_color=\u00bb#FFFFFF\u00bb text_font_size=\u00bb34px\u00bb text_line_height=\u00bb1.1em\u00bb custom_padding=\u00bb|120px||10px|false|false\u00bb global_colors_info=\u00bb{}\u00bb]<\/p>\n<p style=\"text-align: left;\">la Comisi\u00f3n Permanente de Administraci\u00f3n y Servicios del Parlamento Nacional en 2016, sobre las obras inconclusas del Ministerio de Transporte y Obras P\u00fablicas<\/p>\n<p>[\/et_pb_text][\/et_pb_column][\/et_pb_row][et_pb_row disabled_on=\u00bboff|off|on\u00bb admin_label=\u00bbimagen &#8211; texto1&#8243; _builder_version=\u00bb4.18.0&#8243; _module_preset=\u00bbdefault\u00bb background_enable_color=\u00bboff\u00bb background_image=\u00bbhttps:\/\/transparenciave.org\/obrasinconclusas\/wp-content\/uploads\/2022\/09\/fondo-imagenes-y-texto.png\u00bb background_size=\u00bbcustom\u00bb background_image_width=\u00bb100%\u00bb background_image_height=\u00bb100%\u00bb width=\u00bb100%\u00bb max_width=\u00bb100%\u00bb custom_margin=\u00bb||20px||false|false\u00bb custom_padding=\u00bb0px||0px||true|false\u00bb custom_css_main_element=\u00bbdisplay:flex;||align-items:center;\u00bb global_colors_info=\u00bb{}\u00bb][et_pb_column type=\u00bb4_4&#8243; _builder_version=\u00bb4.18.0&#8243; _module_preset=\u00bbdefault\u00bb global_colors_info=\u00bb{}\u00bb][et_pb_image src=\u00bbhttps:\/\/transparenciave.org\/obrasinconclusas\/wp-content\/uploads\/2022\/09\/imagen-medio-puente.png\u00bb title_text=\u00bbimagen medio puente\u00bb _builder_version=\u00bb4.18.0&#8243; _module_preset=\u00bbdefault\u00bb custom_padding=\u00bb|||120px|false|false\u00bb custom_padding_tablet=\u00bb|||120px|false|false\u00bb custom_padding_phone=\u00bb|0px||0px|false|false\u00bb custom_padding_last_edited=\u00bbon|phone\u00bb global_colors_info=\u00bb{}\u00bb][\/et_pb_image][et_pb_text _builder_version=\u00bb4.18.0&#8243; _module_preset=\u00bbdefault\u00bb text_font=\u00bbBebas Neue||||||||\u00bb text_text_color=\u00bb#FFFFFF\u00bb text_font_size=\u00bb34px\u00bb text_line_height=\u00bb1.1em\u00bb custom_padding=\u00bb|120px||10px|false|false\u00bb custom_padding_tablet=\u00bb|120px||10px|false|false\u00bb custom_padding_phone=\u00bb|10px|10px|10px|false|false\u00bb custom_padding_last_edited=\u00bbon|phone\u00bb hover_enabled=\u00bb0&#8243; background_color_phone=\u00bb#68a7be\u00bb background_last_edited=\u00bbon|phone\u00bb background_enable_color_phone=\u00bbon\u00bb global_colors_info=\u00bb{}\u00bb sticky_enabled=\u00bb0&#8243;]<\/p>\n<p style=\"text-align: left;\">la Comisi\u00f3n Permanente de Administraci\u00f3n y Servicios del Parlamento Nacional en 2016, sobre las obras inconclusas del Ministerio de Transporte y Obras P\u00fablicas<\/p>\n<p>[\/et_pb_text][\/et_pb_column][\/et_pb_row][et_pb_row column_structure=\u00bb1_2,1_2&#8243; disabled_on=\u00bbon|on|off\u00bb admin_label=\u00bbimagen &#8211; texto2&#8243; _builder_version=\u00bb4.18.0&#8243; _module_preset=\u00bbdefault\u00bb background_enable_color=\u00bboff\u00bb background_image=\u00bbhttps:\/\/transparenciave.org\/obrasinconclusas\/wp-content\/uploads\/2022\/09\/fondo-imagenes-y-texto.png\u00bb background_size=\u00bbcustom\u00bb background_image_width=\u00bb100%\u00bb background_image_height=\u00bb100%\u00bb width=\u00bb100%\u00bb max_width=\u00bb100%\u00bb custom_margin=\u00bb20px||20px||false|false\u00bb custom_padding=\u00bb0px||0px||true|false\u00bb custom_css_main_element=\u00bbdisplay:flex;||align-items:center;\u00bb global_colors_info=\u00bb{}\u00bb][et_pb_column type=\u00bb1_2&#8243; _builder_version=\u00bb4.18.0&#8243; _module_preset=\u00bbdefault\u00bb global_colors_info=\u00bb{}\u00bb][et_pb_image src=\u00bbhttps:\/\/transparenciave.org\/obrasinconclusas\/wp-content\/uploads\/2022\/09\/514751_404720.jpg\u00bb title_text=\u00bb514751_404720&#8243; _builder_version=\u00bb4.18.0&#8243; _module_preset=\u00bbdefault\u00bb custom_padding=\u00bb|||120px|false|false\u00bb global_colors_info=\u00bb{}\u00bb][\/et_pb_image][\/et_pb_column][et_pb_column type=\u00bb1_2&#8243; _builder_version=\u00bb4.18.0&#8243; _module_preset=\u00bbdefault\u00bb global_colors_info=\u00bb{}\u00bb][et_pb_text _builder_version=\u00bb4.18.0&#8243; _module_preset=\u00bbdefault\u00bb text_font=\u00bbBebas Neue||||||||\u00bb text_text_color=\u00bb#FFFFFF\u00bb text_font_size=\u00bb34px\u00bb text_line_height=\u00bb1.1em\u00bb custom_padding=\u00bb|120px||10px|false|false\u00bb global_colors_info=\u00bb{}\u00bb]<\/p>\n<p style=\"text-align: left;\">el esc\u00e1ndalo de corrupci\u00f3n de Odebrecht de 2018<\/p>\n<p>[\/et_pb_text][\/et_pb_column][\/et_pb_row][et_pb_row disabled_on=\u00bboff|off|on\u00bb admin_label=\u00bbimagen &#8211; texto2&#8243; _builder_version=\u00bb4.18.0&#8243; _module_preset=\u00bbdefault\u00bb background_enable_color=\u00bboff\u00bb background_image=\u00bbhttps:\/\/transparenciave.org\/obrasinconclusas\/wp-content\/uploads\/2022\/09\/fondo-imagenes-y-texto.png\u00bb background_size=\u00bbcustom\u00bb background_image_width=\u00bb100%\u00bb background_image_height=\u00bb100%\u00bb width=\u00bb100%\u00bb max_width=\u00bb100%\u00bb custom_margin=\u00bb20px||20px||false|false\u00bb custom_padding=\u00bb0px||0px||true|false\u00bb custom_css_main_element=\u00bbdisplay:flex;||align-items:center;\u00bb global_colors_info=\u00bb{}\u00bb][et_pb_column type=\u00bb4_4&#8243; _builder_version=\u00bb4.18.0&#8243; _module_preset=\u00bbdefault\u00bb global_colors_info=\u00bb{}\u00bb][et_pb_image src=\u00bbhttps:\/\/transparenciave.org\/obrasinconclusas\/wp-content\/uploads\/2022\/09\/514751_404720.jpg\u00bb title_text=\u00bb514751_404720&#8243; _builder_version=\u00bb4.18.0&#8243; _module_preset=\u00bbdefault\u00bb custom_padding=\u00bb|||120px|false|false\u00bb custom_padding_tablet=\u00bb|||120px|false|false\u00bb custom_padding_phone=\u00bb|0px||0px|false|false\u00bb custom_padding_last_edited=\u00bbon|phone\u00bb global_colors_info=\u00bb{}\u00bb][\/et_pb_image][et_pb_text _builder_version=\u00bb4.18.0&#8243; _module_preset=\u00bbdefault\u00bb text_font=\u00bbBebas Neue||||||||\u00bb text_text_color=\u00bb#FFFFFF\u00bb text_font_size=\u00bb34px\u00bb text_line_height=\u00bb1.1em\u00bb custom_padding=\u00bb|120px||10px|false|false\u00bb custom_padding_tablet=\u00bb|120px||10px|false|false\u00bb custom_padding_phone=\u00bb|10px|10px|10px|false|false\u00bb custom_padding_last_edited=\u00bbon|phone\u00bb background_color_phone=\u00bb#68a7be\u00bb background_last_edited=\u00bbon|phone\u00bb background_enable_color_phone=\u00bbon\u00bb global_colors_info=\u00bb{}\u00bb]<\/p>\n<p style=\"text-align: left;\">el esc\u00e1ndalo de corrupci\u00f3n de Odebrecht de 2018<\/p>\n<p>[\/et_pb_text][\/et_pb_column][\/et_pb_row][et_pb_row column_structure=\u00bb1_2,1_2&#8243; disabled_on=\u00bbon|on|off\u00bb admin_label=\u00bbimagen &#8211; texto3&#8243; _builder_version=\u00bb4.18.0&#8243; _module_preset=\u00bbdefault\u00bb background_enable_color=\u00bboff\u00bb background_image=\u00bbhttps:\/\/transparenciave.org\/obrasinconclusas\/wp-content\/uploads\/2022\/09\/fondo-imagenes-y-texto.png\u00bb background_size=\u00bbcustom\u00bb background_image_width=\u00bb100%\u00bb background_image_height=\u00bb100%\u00bb width=\u00bb100%\u00bb max_width=\u00bb100%\u00bb custom_margin=\u00bb20px||20px||false|false\u00bb custom_padding=\u00bb0px||0px||true|false\u00bb custom_css_main_element=\u00bbdisplay:flex;||align-items:center;\u00bb global_colors_info=\u00bb{}\u00bb][et_pb_column type=\u00bb1_2&#8243; _builder_version=\u00bb4.18.0&#8243; _module_preset=\u00bbdefault\u00bb global_colors_info=\u00bb{}\u00bb][et_pb_image src=\u00bbhttps:\/\/transparenciave.org\/obrasinconclusas\/wp-content\/uploads\/2022\/09\/Fonden.png\u00bb title_text=\u00bbFonden\u00bb _builder_version=\u00bb4.18.0&#8243; _module_preset=\u00bbdefault\u00bb custom_padding=\u00bb|||120px|false|false\u00bb global_colors_info=\u00bb{}\u00bb][\/et_pb_image][\/et_pb_column][et_pb_column type=\u00bb1_2&#8243; _builder_version=\u00bb4.18.0&#8243; _module_preset=\u00bbdefault\u00bb global_colors_info=\u00bb{}\u00bb][et_pb_text _builder_version=\u00bb4.18.0&#8243; _module_preset=\u00bbdefault\u00bb text_font=\u00bbBebas Neue||||||||\u00bb text_text_color=\u00bb#FFFFFF\u00bb text_font_size=\u00bb34px\u00bb text_line_height=\u00bb1.1em\u00bb custom_padding=\u00bb|120px||10px|false|false\u00bb global_colors_info=\u00bb{}\u00bb]<\/p>\n<p style=\"text-align: left;\">y \u201cFonden: Una estrategia pol\u00edtica para gastar sin control\u201d de 2021<\/p>\n<p>[\/et_pb_text][\/et_pb_column][\/et_pb_row][et_pb_row disabled_on=\u00bboff|off|on\u00bb admin_label=\u00bbimagen &#8211; texto3&#8243; _builder_version=\u00bb4.18.0&#8243; _module_preset=\u00bbdefault\u00bb background_enable_color=\u00bboff\u00bb background_image=\u00bbhttps:\/\/transparenciave.org\/obrasinconclusas\/wp-content\/uploads\/2022\/09\/fondo-imagenes-y-texto.png\u00bb background_size=\u00bbcustom\u00bb background_image_width=\u00bb100%\u00bb background_image_height=\u00bb100%\u00bb width=\u00bb100%\u00bb max_width=\u00bb100%\u00bb custom_margin=\u00bb20px||20px||false|false\u00bb custom_padding=\u00bb0px||0px||true|false\u00bb custom_css_main_element=\u00bbdisplay:flex;||align-items:center;\u00bb global_colors_info=\u00bb{}\u00bb][et_pb_column type=\u00bb4_4&#8243; _builder_version=\u00bb4.18.0&#8243; _module_preset=\u00bbdefault\u00bb global_colors_info=\u00bb{}\u00bb][et_pb_image src=\u00bbhttps:\/\/transparenciave.org\/obrasinconclusas\/wp-content\/uploads\/2022\/09\/Fonden.png\u00bb title_text=\u00bbFonden\u00bb _builder_version=\u00bb4.18.0&#8243; _module_preset=\u00bbdefault\u00bb custom_padding=\u00bb|||120px|false|false\u00bb custom_padding_tablet=\u00bb|||120px|false|false\u00bb custom_padding_phone=\u00bb|0px||0px|false|false\u00bb custom_padding_last_edited=\u00bbon|phone\u00bb global_colors_info=\u00bb{}\u00bb][\/et_pb_image][et_pb_text _builder_version=\u00bb4.18.0&#8243; _module_preset=\u00bbdefault\u00bb text_font=\u00bbBebas Neue||||||||\u00bb text_text_color=\u00bb#FFFFFF\u00bb text_font_size=\u00bb34px\u00bb text_line_height=\u00bb1.1em\u00bb custom_padding=\u00bb|120px||10px|false|false\u00bb custom_padding_tablet=\u00bb|120px||10px|false|false\u00bb custom_padding_phone=\u00bb|10px|10px|10px|false|false\u00bb custom_padding_last_edited=\u00bbon|phone\u00bb background_color_phone=\u00bb#68a7be\u00bb background_last_edited=\u00bbon|phone\u00bb background_enable_color_phone=\u00bbon\u00bb global_colors_info=\u00bb{}\u00bb]<\/p>\n<p style=\"text-align: left;\">y \u201cFonden: Una estrategia pol\u00edtica para gastar sin control\u201d de 2021<\/p>\n<p>[\/et_pb_text][\/et_pb_column][\/et_pb_row][et_pb_row _builder_version=\u00bb4.18.0&#8243; _module_preset=\u00bbdefault\u00bb global_colors_info=\u00bb{}\u00bb][et_pb_column type=\u00bb4_4&#8243; _builder_version=\u00bb4.18.0&#8243; _module_preset=\u00bbdefault\u00bb global_colors_info=\u00bb{}\u00bb][et_pb_text _builder_version=\u00bb4.18.0&#8243; _module_preset=\u00bbdefault\u00bb text_text_color=\u00bb#000000&#8243; text_font_size=\u00bb18px\u00bb global_colors_info=\u00bb{}\u00bb]<\/p>\n<p style=\"text-align: justify;\">Esta investigaci\u00f3n es una mirada nacional a las obras inconclusas iniciadas a partir de la llegada de Hugo Ch\u00e1vez Fr\u00edas al poder hasta la presidencia de Nicol\u00e1s Maduro. El proceso cont\u00f3 con el apoyo de nuestros coordinadores regionales, quienes pudieron verificar algunos datos in situ; y que se pase\u00f3 por la revisi\u00f3n de memorias y cuentas, gacetas oficiales, leyes de presupuesto, declaraciones oficiales emitidas por representantes del gobierno en medios de comunicaci\u00f3n, investigaciones period\u00edsticas, e incluso, un documento extraoficial al que tuvo acceso Transparencia Venezuela sobre proyectos financiados por el Fonden .<\/p>\n<p>[\/et_pb_text][et_pb_text _builder_version=\u00bb4.18.0&#8243; _module_preset=\u00bbdefault\u00bb text_font=\u00bbBebas Neue||||||||\u00bb text_text_color=\u00bb#203F92&#8243; text_font_size=\u00bb32px\u00bb text_line_height=\u00bb1.2em\u00bb header_2_text_color=\u00bb#203F92&#8243; header_2_font_size=\u00bb48px\u00bb header_2_line_height=\u00bb1.2em\u00bb background_enable_color=\u00bboff\u00bb width=\u00bb50%\u00bb width_tablet=\u00bb50%\u00bb width_phone=\u00bb80%\u00bb width_last_edited=\u00bbon|phone\u00bb max_width=\u00bb80%\u00bb module_alignment=\u00bbcenter\u00bb custom_margin=\u00bb||||false|false\u00bb custom_padding=\u00bb20px|20px|20px|20px|false|false\u00bb text_font_size_tablet=\u00bb32px\u00bb text_font_size_phone=\u00bb26px\u00bb text_font_size_last_edited=\u00bbon|phone\u00bb header_2_font_size_tablet=\u00bb48px\u00bb header_2_font_size_phone=\u00bb32px\u00bb header_2_font_size_last_edited=\u00bbon|phone\u00bb border_width_top=\u00bb2px\u00bb border_width_bottom=\u00bb2px\u00bb global_colors_info=\u00bb{}\u00bb]<\/p>\n<p>Los resultados dan cuenta de la existencia de<\/p>\n<h2 style=\"text-align: left;\">246 obras inconclusas, en 22 estados de Venezuela, en los \u00faltimos 23 a\u00f1os.<\/h2>\n<p>[\/et_pb_text][et_pb_text _builder_version=\u00bb4.18.0&#8243; _module_preset=\u00bbdefault\u00bb text_text_color=\u00bb#000000&#8243; text_font_size=\u00bb18px\u00bb global_colors_info=\u00bb{}\u00bb]<\/p>\n<p style=\"text-align: justify;\">Son obras aprobadas desde el Ejecutivo nacional que no han sido culminadas y\/o no se iniciaron, pero les fue aprobado y\/o desembolsado recursos. Muchas de ellas se encuentran en total estado de abandono, son infraestructuras perdidas y desmanteladas. Hay desde hospitales, de los que solo se evidencia una valla; escuelas que se iban a rehabilitar pero terminaron en peores condiciones, y conjuntos residenciales que solo tienen unas bases puestas, hasta grandes obras de infraestructura que abarcar\u00edan varios estados del pa\u00eds, como el Sistema Ferroviario Nacional.<\/p>\n<p style=\"text-align: justify;\">La crisis econ\u00f3mica y social, que se ha registrado en Venezuela en la \u00faltima d\u00e9cada, ha profundizado la decadencia de los bienes y los servicios p\u00fablicos (agua, electricidad transporte, educaci\u00f3n, vialidad, seguridad, entre otros), y no por falta de inversi\u00f3n sino por la malversaci\u00f3n de los recursos que refleja el presente informe, al visibilizar la gran cantidad de obras sin culminar que finalmente afectan la calidad de vida y el bienestar de todos los venezolanos. <\/p>\n<p>[\/et_pb_text][\/et_pb_column][\/et_pb_row][\/et_pb_section]<\/p>\n","protected":false},"excerpt":{"rendered":"<p>Por m\u00e1s de cinco a\u00f1os, Transparencia Venezuela ha trabajado en el seguimiento a las obras inconclusas, iniciadas o financiadas desde la llegada de Hugo Ch\u00e1vez al poder, en un esfuerzo por contribuir con el derecho de acceso a la informaci\u00f3n p\u00fablica. Venezuela se ubica entre los pa\u00edses con mayor opacidad en el manejo de recursos [&hellip;]<\/p>\n","protected":false},"author":4,"featured_media":0,"parent":0,"menu_order":0,"comment_status":"closed","ping_status":"closed","template":"","meta":{"_acf_changed":false,"_et_pb_use_builder":"on","_et_pb_old_content":"","_et_gb_content_width":"","footnotes":""},"class_list":["post-3043","page","type-page","status-publish","hentry"],"acf":[],"_links":{"self":[{"href":"https:\/\/transparenciave.org\/obrasinconclusas\/wp-json\/wp\/v2\/pages\/3043","targetHints":{"allow":["GET"]}}],"collection":[{"href":"https:\/\/transparenciave.org\/obrasinconclusas\/wp-json\/wp\/v2\/pages"}],"about":[{"href":"https:\/\/transparenciave.org\/obrasinconclusas\/wp-json\/wp\/v2\/types\/page"}],"author":[{"embeddable":true,"href":"https:\/\/transparenciave.org\/obrasinconclusas\/wp-json\/wp\/v2\/users\/4"}],"replies":[{"embeddable":true,"href":"https:\/\/transparenciave.org\/obrasinconclusas\/wp-json\/wp\/v2\/comments?post=3043"}],"version-history":[{"count":35,"href":"https:\/\/transparenciave.org\/obrasinconclusas\/wp-json\/wp\/v2\/pages\/3043\/revisions"}],"predecessor-version":[{"id":3773,"href":"https:\/\/transparenciave.org\/obrasinconclusas\/wp-json\/wp\/v2\/pages\/3043\/revisions\/3773"}],"wp:attachment":[{"href":"https:\/\/transparenciave.org\/obrasinconclusas\/wp-json\/wp\/v2\/media?parent=3043"}],"curies":[{"name":"wp","href":"https:\/\/api.w.org\/{rel}","templated":true}]}}