{"id":9437,"date":"2023-07-31T21:13:35","date_gmt":"2023-07-31T21:13:35","guid":{"rendered":"https:\/\/transparenciave.org\/economias-ilicitas\/?page_id=9437"},"modified":"2025-03-19T22:25:16","modified_gmt":"2025-03-19T22:25:16","slug":"inicio","status":"publish","type":"page","link":"https:\/\/transparenciave.org\/economias-ilicitas\/","title":{"rendered":"INICIO ECONOM\u00cdAS IL\u00cdCITAS"},"content":{"rendered":"\t\t<div data-elementor-type=\"wp-page\" data-elementor-id=\"9437\" class=\"elementor elementor-9437\" data-elementor-post-type=\"page\">\n\t\t\t\t\t\t<section class=\"elementor-section elementor-top-section elementor-element elementor-element-f408688 elementor-section-boxed elementor-section-height-default elementor-section-height-default\" data-id=\"f408688\" data-element_type=\"section\">\n\t\t\t\t\t\t<div class=\"elementor-container elementor-column-gap-default\">\n\t\t\t\t\t<div class=\"elementor-column elementor-col-100 elementor-top-column elementor-element elementor-element-fde0681\" data-id=\"fde0681\" data-element_type=\"column\">\n\t\t\t<div class=\"elementor-widget-wrap elementor-element-populated\">\n\t\t\t\t\t\t<div class=\"elementor-element elementor-element-5c0d15d elementor-widget elementor-widget-heading\" data-id=\"5c0d15d\" data-element_type=\"widget\" data-widget_type=\"heading.default\">\n\t\t\t\t<div class=\"elementor-widget-container\">\n\t\t\t\t\t<h2 class=\"elementor-heading-title elementor-size-default\">ECONOM\u00cdAS IL\u00cdCITAS<\/h2>\t\t\t\t<\/div>\n\t\t\t\t<\/div>\n\t\t\t\t\t<\/div>\n\t\t<\/div>\n\t\t\t\t\t<\/div>\n\t\t<\/section>\n\t\t\t\t<section class=\"elementor-section elementor-top-section elementor-element elementor-element-ada22ab elementor-section-boxed elementor-section-height-default elementor-section-height-default\" data-id=\"ada22ab\" data-element_type=\"section\">\n\t\t\t\t\t\t<div class=\"elementor-container elementor-column-gap-wide\">\n\t\t\t\t\t<div class=\"elementor-column elementor-col-33 elementor-top-column elementor-element elementor-element-21d2b85\" data-id=\"21d2b85\" data-element_type=\"column\">\n\t\t\t<div class=\"elementor-widget-wrap elementor-element-populated\">\n\t\t\t\t\t\t<div class=\"elementor-element elementor-element-5a668d6 elementor-widget elementor-widget-image\" data-id=\"5a668d6\" data-element_type=\"widget\" data-widget_type=\"image.default\">\n\t\t\t\t<div class=\"elementor-widget-container\">\n\t\t\t\t\t\t\t\t\t\t\t\t\t\t\t\t<a href=\"https:\/\/transparenciave.org\/economias-ilicitas\/home\/\">\n\t\t\t\t\t\t\t<img fetchpriority=\"high\" decoding=\"async\" width=\"560\" height=\"413\" src=\"https:\/\/transparenciave.org\/economias-ilicitas\/wp-content\/uploads\/2023\/04\/SITE_Economia_Ilicitas_btn_2022.png\" class=\"attachment-large size-large wp-image-9484\" alt=\"\" srcset=\"https:\/\/transparenciave.org\/economias-ilicitas\/wp-content\/uploads\/2023\/04\/SITE_Economia_Ilicitas_btn_2022.png 560w, https:\/\/transparenciave.org\/economias-ilicitas\/wp-content\/uploads\/2023\/04\/SITE_Economia_Ilicitas_btn_2022-300x221.png 300w\" sizes=\"(max-width: 560px) 100vw, 560px\" \/>\t\t\t\t\t\t\t\t<\/a>\n\t\t\t\t\t\t\t\t\t\t\t\t\t\t\t<\/div>\n\t\t\t\t<\/div>\n\t\t\t\t\t<\/div>\n\t\t<\/div>\n\t\t\t\t<div class=\"elementor-column elementor-col-33 elementor-top-column elementor-element elementor-element-5c9c6e4\" data-id=\"5c9c6e4\" data-element_type=\"column\">\n\t\t\t<div class=\"elementor-widget-wrap elementor-element-populated\">\n\t\t\t\t\t\t<div class=\"elementor-element elementor-element-c5c014a elementor-widget elementor-widget-image\" data-id=\"c5c014a\" data-element_type=\"widget\" data-widget_type=\"image.default\">\n\t\t\t\t<div class=\"elementor-widget-container\">\n\t\t\t\t\t\t\t\t\t\t\t\t\t\t\t\t<a href=\"https:\/\/transparenciave.org\/economias-ilicitas\/home-economias-ilicitas-2023\/\">\n\t\t\t\t\t\t\t<img decoding=\"async\" width=\"560\" height=\"413\" src=\"https:\/\/transparenciave.org\/economias-ilicitas\/wp-content\/uploads\/2023\/04\/SITE_Economia_Ilicitas_btn_2023.png\" class=\"attachment-large size-large wp-image-9485\" alt=\"\" srcset=\"https:\/\/transparenciave.org\/economias-ilicitas\/wp-content\/uploads\/2023\/04\/SITE_Economia_Ilicitas_btn_2023.png 560w, https:\/\/transparenciave.org\/economias-ilicitas\/wp-content\/uploads\/2023\/04\/SITE_Economia_Ilicitas_btn_2023-300x221.png 300w\" sizes=\"(max-width: 560px) 100vw, 560px\" \/>\t\t\t\t\t\t\t\t<\/a>\n\t\t\t\t\t\t\t\t\t\t\t\t\t\t\t<\/div>\n\t\t\t\t<\/div>\n\t\t\t\t\t<\/div>\n\t\t<\/div>\n\t\t\t\t<div class=\"elementor-column elementor-col-33 elementor-top-column elementor-element elementor-element-1856543\" data-id=\"1856543\" data-element_type=\"column\">\n\t\t\t<div class=\"elementor-widget-wrap elementor-element-populated\">\n\t\t\t\t\t\t<div class=\"elementor-element elementor-element-ea6200e elementor-widget elementor-widget-image\" data-id=\"ea6200e\" data-element_type=\"widget\" data-widget_type=\"image.default\">\n\t\t\t\t<div class=\"elementor-widget-container\">\n\t\t\t\t\t\t\t\t\t\t\t\t\t\t\t\t<a href=\"https:\/\/transparenciave.org\/economias-ilicitas\/home-economias-ilicitas-2025\/\">\n\t\t\t\t\t\t\t<img decoding=\"async\" width=\"560\" height=\"413\" src=\"https:\/\/transparenciave.org\/economias-ilicitas\/wp-content\/uploads\/2025\/03\/Boton-2025-01.jpg\" class=\"attachment-large size-large wp-image-12189\" alt=\"\" srcset=\"https:\/\/transparenciave.org\/economias-ilicitas\/wp-content\/uploads\/2025\/03\/Boton-2025-01.jpg 560w, https:\/\/transparenciave.org\/economias-ilicitas\/wp-content\/uploads\/2025\/03\/Boton-2025-01-300x221.jpg 300w\" sizes=\"(max-width: 560px) 100vw, 560px\" \/>\t\t\t\t\t\t\t\t<\/a>\n\t\t\t\t\t\t\t\t\t\t\t\t\t\t\t<\/div>\n\t\t\t\t<\/div>\n\t\t\t\t\t<\/div>\n\t\t<\/div>\n\t\t\t\t\t<\/div>\n\t\t<\/section>\n\t\t\t\t<\/div>\n\t\t","protected":false},"excerpt":{"rendered":"<p>ECONOM\u00cdAS IL\u00cdCITAS<\/p>\n","protected":false},"author":4,"featured_media":9933,"parent":0,"menu_order":0,"comment_status":"closed","ping_status":"closed","template":"","meta":{"inline_featured_image":false,"footnotes":""},"class_list":["post-9437","page","type-page","status-publish","has-post-thumbnail","hentry"],"yoast_head":"<!-- This site is optimized with the Yoast SEO plugin v25.0 - https:\/\/yoast.com\/wordpress\/plugins\/seo\/ -->\n<title>INICIO ECONOM\u00cdAS IL\u00cdCITAS - Trasparencia Venezuela<\/title>\n<meta name=\"description\" content=\"En los \u00faltimos meses hemos analizado los flujos il\u00edcitos que conjugan ilegalidad y criminalidad en la econom\u00eda venezolana.\" \/>\n<meta name=\"robots\" content=\"index, follow, max-snippet:-1, max-image-preview:large, max-video-preview:-1\" \/>\n<link rel=\"canonical\" href=\"https:\/\/transparenciave.org\/economias-ilicitas\/\" \/>\n<meta property=\"og:locale\" content=\"es_ES\" \/>\n<meta property=\"og:type\" content=\"article\" \/>\n<meta property=\"og:title\" content=\"INICIO ECONOM\u00cdAS IL\u00cdCITAS - Trasparencia Venezuela\" \/>\n<meta property=\"og:description\" content=\"En los \u00faltimos meses hemos analizado los flujos il\u00edcitos que conjugan ilegalidad y criminalidad en la econom\u00eda venezolana.\" \/>\n<meta property=\"og:url\" content=\"https:\/\/transparenciave.org\/economias-ilicitas\/\" \/>\n<meta property=\"og:site_name\" content=\"Trasparencia Venezuela\" \/>\n<meta property=\"article:modified_time\" content=\"2025-03-19T22:25:16+00:00\" \/>\n<meta property=\"og:image\" content=\"https:\/\/transparenciave.org\/economias-ilicitas\/wp-content\/uploads\/2023\/07\/portada-Economia-Ilicita_Bajo-el-mando-de-la-impunidad_2023-14.png\" \/>\n\t<meta property=\"og:image:width\" content=\"442\" \/>\n\t<meta property=\"og:image:height\" content=\"624\" \/>\n\t<meta property=\"og:image:type\" content=\"image\/png\" \/>\n<meta name=\"twitter:card\" content=\"summary_large_image\" \/>\n<meta name=\"twitter:label1\" content=\"Tiempo de lectura\" \/>\n\t<meta name=\"twitter:data1\" content=\"1 minuto\" \/>\n<script type=\"application\/ld+json\" class=\"yoast-schema-graph\">{\"@context\":\"https:\/\/schema.org\",\"@graph\":[{\"@type\":\"WebPage\",\"@id\":\"https:\/\/transparenciave.org\/economias-ilicitas\/\",\"url\":\"https:\/\/transparenciave.org\/economias-ilicitas\/\",\"name\":\"INICIO ECONOM\u00cdAS IL\u00cdCITAS - Trasparencia Venezuela\",\"isPartOf\":{\"@id\":\"https:\/\/transparenciave.org\/economias-ilicitas\/#website\"},\"primaryImageOfPage\":{\"@id\":\"https:\/\/transparenciave.org\/economias-ilicitas\/#primaryimage\"},\"image\":{\"@id\":\"https:\/\/transparenciave.org\/economias-ilicitas\/#primaryimage\"},\"thumbnailUrl\":\"https:\/\/transparenciave.org\/economias-ilicitas\/wp-content\/uploads\/2023\/07\/portada-Economia-Ilicita_Bajo-el-mando-de-la-impunidad_2023-14.png\",\"datePublished\":\"2023-07-31T21:13:35+00:00\",\"dateModified\":\"2025-03-19T22:25:16+00:00\",\"description\":\"En los \u00faltimos meses hemos analizado los flujos il\u00edcitos que conjugan ilegalidad y criminalidad en la econom\u00eda venezolana.\",\"breadcrumb\":{\"@id\":\"https:\/\/transparenciave.org\/economias-ilicitas\/#breadcrumb\"},\"inLanguage\":\"es\",\"potentialAction\":[{\"@type\":\"ReadAction\",\"target\":[\"https:\/\/transparenciave.org\/economias-ilicitas\/\"]}]},{\"@type\":\"ImageObject\",\"inLanguage\":\"es\",\"@id\":\"https:\/\/transparenciave.org\/economias-ilicitas\/#primaryimage\",\"url\":\"https:\/\/transparenciave.org\/economias-ilicitas\/wp-content\/uploads\/2023\/07\/portada-Economia-Ilicita_Bajo-el-mando-de-la-impunidad_2023-14.png\",\"contentUrl\":\"https:\/\/transparenciave.org\/economias-ilicitas\/wp-content\/uploads\/2023\/07\/portada-Economia-Ilicita_Bajo-el-mando-de-la-impunidad_2023-14.png\",\"width\":442,\"height\":624},{\"@type\":\"BreadcrumbList\",\"@id\":\"https:\/\/transparenciave.org\/economias-ilicitas\/#breadcrumb\",\"itemListElement\":[{\"@type\":\"ListItem\",\"position\":1,\"name\":\"Portada\",\"item\":\"https:\/\/transparenciave.org\/economias-ilicitas\/\"},{\"@type\":\"ListItem\",\"position\":2,\"name\":\"INICIO ECONOM\u00cdAS IL\u00cdCITAS\"}]},{\"@type\":\"WebSite\",\"@id\":\"https:\/\/transparenciave.org\/economias-ilicitas\/#website\",\"url\":\"https:\/\/transparenciave.org\/economias-ilicitas\/\",\"name\":\"Trasparencia Venezuela\",\"description\":\"Economias Il\u00edcitas\",\"publisher\":{\"@id\":\"https:\/\/transparenciave.org\/economias-ilicitas\/#organization\"},\"potentialAction\":[{\"@type\":\"SearchAction\",\"target\":{\"@type\":\"EntryPoint\",\"urlTemplate\":\"https:\/\/transparenciave.org\/economias-ilicitas\/?s={search_term_string}\"},\"query-input\":{\"@type\":\"PropertyValueSpecification\",\"valueRequired\":true,\"valueName\":\"search_term_string\"}}],\"inLanguage\":\"es\"},{\"@type\":\"Organization\",\"@id\":\"https:\/\/transparenciave.org\/economias-ilicitas\/#organization\",\"name\":\"Trasparencia Venezuela\",\"url\":\"https:\/\/transparenciave.org\/economias-ilicitas\/\",\"logo\":{\"@type\":\"ImageObject\",\"inLanguage\":\"es\",\"@id\":\"https:\/\/transparenciave.org\/economias-ilicitas\/#\/schema\/logo\/image\/\",\"url\":\"https:\/\/transparenciave.org\/economias-ilicitas\/wp-content\/uploads\/2025\/03\/cropped-logo_TV_exilio.png\",\"contentUrl\":\"https:\/\/transparenciave.org\/economias-ilicitas\/wp-content\/uploads\/2025\/03\/cropped-logo_TV_exilio.png\",\"width\":697,\"height\":473,\"caption\":\"Trasparencia Venezuela\"},\"image\":{\"@id\":\"https:\/\/transparenciave.org\/economias-ilicitas\/#\/schema\/logo\/image\/\"}}]}<\/script>\n<!-- \/ Yoast SEO plugin. -->","yoast_head_json":{"title":"INICIO ECONOM\u00cdAS IL\u00cdCITAS - Trasparencia Venezuela","description":"En los \u00faltimos meses hemos analizado los flujos il\u00edcitos que conjugan ilegalidad y criminalidad en la econom\u00eda venezolana.","robots":{"index":"index","follow":"follow","max-snippet":"max-snippet:-1","max-image-preview":"max-image-preview:large","max-video-preview":"max-video-preview:-1"},"canonical":"https:\/\/transparenciave.org\/economias-ilicitas\/","og_locale":"es_ES","og_type":"article","og_title":"INICIO ECONOM\u00cdAS IL\u00cdCITAS - Trasparencia Venezuela","og_description":"En los \u00faltimos meses hemos analizado los flujos il\u00edcitos que conjugan ilegalidad y criminalidad en la econom\u00eda venezolana.","og_url":"https:\/\/transparenciave.org\/economias-ilicitas\/","og_site_name":"Trasparencia Venezuela","article_modified_time":"2025-03-19T22:25:16+00:00","og_image":[{"width":442,"height":624,"url":"https:\/\/transparenciave.org\/economias-ilicitas\/wp-content\/uploads\/2023\/07\/portada-Economia-Ilicita_Bajo-el-mando-de-la-impunidad_2023-14.png","type":"image\/png"}],"twitter_card":"summary_large_image","twitter_misc":{"Tiempo de lectura":"1 minuto"},"schema":{"@context":"https:\/\/schema.org","@graph":[{"@type":"WebPage","@id":"https:\/\/transparenciave.org\/economias-ilicitas\/","url":"https:\/\/transparenciave.org\/economias-ilicitas\/","name":"INICIO ECONOM\u00cdAS IL\u00cdCITAS - Trasparencia Venezuela","isPartOf":{"@id":"https:\/\/transparenciave.org\/economias-ilicitas\/#website"},"primaryImageOfPage":{"@id":"https:\/\/transparenciave.org\/economias-ilicitas\/#primaryimage"},"image":{"@id":"https:\/\/transparenciave.org\/economias-ilicitas\/#primaryimage"},"thumbnailUrl":"https:\/\/transparenciave.org\/economias-ilicitas\/wp-content\/uploads\/2023\/07\/portada-Economia-Ilicita_Bajo-el-mando-de-la-impunidad_2023-14.png","datePublished":"2023-07-31T21:13:35+00:00","dateModified":"2025-03-19T22:25:16+00:00","description":"En los \u00faltimos meses hemos analizado los flujos il\u00edcitos que conjugan ilegalidad y criminalidad en la econom\u00eda venezolana.","breadcrumb":{"@id":"https:\/\/transparenciave.org\/economias-ilicitas\/#breadcrumb"},"inLanguage":"es","potentialAction":[{"@type":"ReadAction","target":["https:\/\/transparenciave.org\/economias-ilicitas\/"]}]},{"@type":"ImageObject","inLanguage":"es","@id":"https:\/\/transparenciave.org\/economias-ilicitas\/#primaryimage","url":"https:\/\/transparenciave.org\/economias-ilicitas\/wp-content\/uploads\/2023\/07\/portada-Economia-Ilicita_Bajo-el-mando-de-la-impunidad_2023-14.png","contentUrl":"https:\/\/transparenciave.org\/economias-ilicitas\/wp-content\/uploads\/2023\/07\/portada-Economia-Ilicita_Bajo-el-mando-de-la-impunidad_2023-14.png","width":442,"height":624},{"@type":"BreadcrumbList","@id":"https:\/\/transparenciave.org\/economias-ilicitas\/#breadcrumb","itemListElement":[{"@type":"ListItem","position":1,"name":"Portada","item":"https:\/\/transparenciave.org\/economias-ilicitas\/"},{"@type":"ListItem","position":2,"name":"INICIO ECONOM\u00cdAS IL\u00cdCITAS"}]},{"@type":"WebSite","@id":"https:\/\/transparenciave.org\/economias-ilicitas\/#website","url":"https:\/\/transparenciave.org\/economias-ilicitas\/","name":"Trasparencia Venezuela","description":"Economias Il\u00edcitas","publisher":{"@id":"https:\/\/transparenciave.org\/economias-ilicitas\/#organization"},"potentialAction":[{"@type":"SearchAction","target":{"@type":"EntryPoint","urlTemplate":"https:\/\/transparenciave.org\/economias-ilicitas\/?s={search_term_string}"},"query-input":{"@type":"PropertyValueSpecification","valueRequired":true,"valueName":"search_term_string"}}],"inLanguage":"es"},{"@type":"Organization","@id":"https:\/\/transparenciave.org\/economias-ilicitas\/#organization","name":"Trasparencia Venezuela","url":"https:\/\/transparenciave.org\/economias-ilicitas\/","logo":{"@type":"ImageObject","inLanguage":"es","@id":"https:\/\/transparenciave.org\/economias-ilicitas\/#\/schema\/logo\/image\/","url":"https:\/\/transparenciave.org\/economias-ilicitas\/wp-content\/uploads\/2025\/03\/cropped-logo_TV_exilio.png","contentUrl":"https:\/\/transparenciave.org\/economias-ilicitas\/wp-content\/uploads\/2025\/03\/cropped-logo_TV_exilio.png","width":697,"height":473,"caption":"Trasparencia Venezuela"},"image":{"@id":"https:\/\/transparenciave.org\/economias-ilicitas\/#\/schema\/logo\/image\/"}}]}},"_links":{"self":[{"href":"https:\/\/transparenciave.org\/economias-ilicitas\/wp-json\/wp\/v2\/pages\/9437","targetHints":{"allow":["GET"]}}],"collection":[{"href":"https:\/\/transparenciave.org\/economias-ilicitas\/wp-json\/wp\/v2\/pages"}],"about":[{"href":"https:\/\/transparenciave.org\/economias-ilicitas\/wp-json\/wp\/v2\/types\/page"}],"author":[{"embeddable":true,"href":"https:\/\/transparenciave.org\/economias-ilicitas\/wp-json\/wp\/v2\/users\/4"}],"replies":[{"embeddable":true,"href":"https:\/\/transparenciave.org\/economias-ilicitas\/wp-json\/wp\/v2\/comments?post=9437"}],"version-history":[{"count":34,"href":"https:\/\/transparenciave.org\/economias-ilicitas\/wp-json\/wp\/v2\/pages\/9437\/revisions"}],"predecessor-version":[{"id":12192,"href":"https:\/\/transparenciave.org\/economias-ilicitas\/wp-json\/wp\/v2\/pages\/9437\/revisions\/12192"}],"wp:featuredmedia":[{"embeddable":true,"href":"https:\/\/transparenciave.org\/economias-ilicitas\/wp-json\/wp\/v2\/media\/9933"}],"wp:attachment":[{"href":"https:\/\/transparenciave.org\/economias-ilicitas\/wp-json\/wp\/v2\/media?parent=9437"}],"curies":[{"name":"wp","href":"https:\/\/api.w.org\/{rel}","templated":true}]}}