{"id":12280,"date":"2026-01-26T12:58:21","date_gmt":"2026-01-26T12:58:21","guid":{"rendered":"https:\/\/transparenciave.org\/economias-ilicitas\/?page_id=12280"},"modified":"2026-01-26T13:07:17","modified_gmt":"2026-01-26T13:07:17","slug":"trata-de-personas-en-venezuela-entre-la-miseria-y-la-corrupcion","status":"publish","type":"page","link":"https:\/\/transparenciave.org\/economias-ilicitas\/trata-de-personas-en-venezuela-entre-la-miseria-y-la-corrupcion\/","title":{"rendered":"Trata de personas en Venezuela entre la miseria y la corrupci\u00f3n"},"content":{"rendered":"\t\t<div data-elementor-type=\"wp-page\" data-elementor-id=\"12280\" class=\"elementor elementor-12280\" data-elementor-post-type=\"page\">\n\t\t\t\t\t\t<section class=\"elementor-section elementor-top-section elementor-element elementor-element-0dd6cab elementor-section-boxed elementor-section-height-default elementor-section-height-default\" data-id=\"0dd6cab\" data-element_type=\"section\">\n\t\t\t\t\t\t<div class=\"elementor-container elementor-column-gap-default\">\n\t\t\t\t\t<div class=\"elementor-column elementor-col-100 elementor-top-column elementor-element elementor-element-effa66a\" data-id=\"effa66a\" data-element_type=\"column\">\n\t\t\t<div class=\"elementor-widget-wrap elementor-element-populated\">\n\t\t\t\t\t\t<div class=\"elementor-element elementor-element-c9770db elementor-hidden-desktop elementor-hidden-tablet elementor-hidden-mobile elementor-invisible elementor-widget elementor-widget-image\" data-id=\"c9770db\" data-element_type=\"widget\" data-settings=\"{&quot;_animation&quot;:&quot;slideInLeft&quot;}\" data-widget_type=\"image.default\">\n\t\t\t\t<div class=\"elementor-widget-container\">\n\t\t\t\t\t\t\t\t\t\t\t\t\t\t\t<img fetchpriority=\"high\" decoding=\"async\" width=\"768\" height=\"151\" src=\"https:\/\/transparenciave.org\/economias-ilicitas\/wp-content\/uploads\/2023\/08\/separador-principal-grande-04-768x151.png\" class=\"attachment-medium_large size-medium_large wp-image-10071\" alt=\"\" srcset=\"https:\/\/transparenciave.org\/economias-ilicitas\/wp-content\/uploads\/2023\/08\/separador-principal-grande-04-768x151.png 768w, https:\/\/transparenciave.org\/economias-ilicitas\/wp-content\/uploads\/2023\/08\/separador-principal-grande-04-300x59.png 300w, https:\/\/transparenciave.org\/economias-ilicitas\/wp-content\/uploads\/2023\/08\/separador-principal-grande-04.png 1024w\" sizes=\"(max-width: 768px) 100vw, 768px\" \/>\t\t\t\t\t\t\t\t\t\t\t\t\t\t\t<\/div>\n\t\t\t\t<\/div>\n\t\t\t\t<div class=\"elementor-element elementor-element-654080e elementor-widget elementor-widget-heading\" data-id=\"654080e\" data-element_type=\"widget\" data-widget_type=\"heading.default\">\n\t\t\t\t<div class=\"elementor-widget-container\">\n\t\t\t\t\t<h2 class=\"elementor-heading-title elementor-size-default\">Trata de personas en Venezuela entre la miseria y la corrupci\u00f3n<\/h2>\t\t\t\t<\/div>\n\t\t\t\t<\/div>\n\t\t\t\t\t<\/div>\n\t\t<\/div>\n\t\t\t\t\t<\/div>\n\t\t<\/section>\n\t\t\t\t<section class=\"elementor-section elementor-top-section elementor-element elementor-element-43930ad elementor-section-boxed elementor-section-height-default elementor-section-height-default\" data-id=\"43930ad\" data-element_type=\"section\">\n\t\t\t\t\t\t<div class=\"elementor-container elementor-column-gap-default\">\n\t\t\t\t\t<div class=\"elementor-column elementor-col-50 elementor-top-column elementor-element elementor-element-ad44f8e\" data-id=\"ad44f8e\" data-element_type=\"column\">\n\t\t\t<div class=\"elementor-widget-wrap elementor-element-populated\">\n\t\t\t\t\t\t<div class=\"elementor-element elementor-element-40f0243 elementor-widget elementor-widget-image\" data-id=\"40f0243\" data-element_type=\"widget\" data-widget_type=\"image.default\">\n\t\t\t\t<div class=\"elementor-widget-container\">\n\t\t\t\t\t\t\t\t\t\t\t\t\t\t\t<img decoding=\"async\" width=\"724\" height=\"1024\" src=\"https:\/\/transparenciave.org\/economias-ilicitas\/wp-content\/uploads\/2026\/01\/Entre-la-miseria-y-la-corrupcion-Trata-de-personas-en-Venezuela-724x1024.png\" class=\"attachment-large size-large wp-image-12278\" alt=\"\" srcset=\"https:\/\/transparenciave.org\/economias-ilicitas\/wp-content\/uploads\/2026\/01\/Entre-la-miseria-y-la-corrupcion-Trata-de-personas-en-Venezuela-724x1024.png 724w, https:\/\/transparenciave.org\/economias-ilicitas\/wp-content\/uploads\/2026\/01\/Entre-la-miseria-y-la-corrupcion-Trata-de-personas-en-Venezuela-212x300.png 212w, https:\/\/transparenciave.org\/economias-ilicitas\/wp-content\/uploads\/2026\/01\/Entre-la-miseria-y-la-corrupcion-Trata-de-personas-en-Venezuela-768x1086.png 768w, https:\/\/transparenciave.org\/economias-ilicitas\/wp-content\/uploads\/2026\/01\/Entre-la-miseria-y-la-corrupcion-Trata-de-personas-en-Venezuela-1086x1536.png 1086w, https:\/\/transparenciave.org\/economias-ilicitas\/wp-content\/uploads\/2026\/01\/Entre-la-miseria-y-la-corrupcion-Trata-de-personas-en-Venezuela-1448x2048.png 1448w, https:\/\/transparenciave.org\/economias-ilicitas\/wp-content\/uploads\/2026\/01\/Entre-la-miseria-y-la-corrupcion-Trata-de-personas-en-Venezuela.png 1654w\" sizes=\"(max-width: 724px) 100vw, 724px\" \/>\t\t\t\t\t\t\t\t\t\t\t\t\t\t\t<\/div>\n\t\t\t\t<\/div>\n\t\t\t\t<div class=\"elementor-element elementor-element-ad64788 elementor-widget elementor-widget-text-editor\" data-id=\"ad64788\" data-element_type=\"widget\" data-widget_type=\"text-editor.default\">\n\t\t\t\t<div class=\"elementor-widget-container\">\n\t\t\t\t\t\t\t\t\t<p><a href=\"https:\/\/transparenciave.org\/economias-ilicitas\/wp-content\/uploads\/2026\/01\/Entre-la-miseria-y-la-corrupcion-Trata-de-personas-en-Venezuela.pdf\">Leer informe<\/a><\/p>\t\t\t\t\t\t\t\t<\/div>\n\t\t\t\t<\/div>\n\t\t\t\t\t<\/div>\n\t\t<\/div>\n\t\t\t\t<div class=\"elementor-column elementor-col-50 elementor-top-column elementor-element elementor-element-16ee5e8\" data-id=\"16ee5e8\" data-element_type=\"column\">\n\t\t\t<div class=\"elementor-widget-wrap elementor-element-populated\">\n\t\t\t\t\t\t<div class=\"elementor-element elementor-element-4a81075 elementor-widget elementor-widget-video\" data-id=\"4a81075\" data-element_type=\"widget\" data-settings=\"{&quot;youtube_url&quot;:&quot;https:\\\/\\\/www.youtube.com\\\/watch?v=nI7Z_-BmgBM&quot;,&quot;video_type&quot;:&quot;youtube&quot;,&quot;controls&quot;:&quot;yes&quot;}\" data-widget_type=\"video.default\">\n\t\t\t\t<div class=\"elementor-widget-container\">\n\t\t\t\t\t\t\t<div class=\"elementor-wrapper elementor-open-inline\">\n\t\t\t<div class=\"elementor-video\"><\/div>\t\t<\/div>\n\t\t\t\t\t\t<\/div>\n\t\t\t\t<\/div>\n\t\t\t\t\t<\/div>\n\t\t<\/div>\n\t\t\t\t\t<\/div>\n\t\t<\/section>\n\t\t\t\t<\/div>\n\t\t","protected":false},"excerpt":{"rendered":"<p>Trata de personas en Venezuela entre la miseria y la corrupci\u00f3n Leer informe https:\/\/www.youtube.com\/watch?v=nI7Z_-BmgBM<\/p>\n","protected":false},"author":4,"featured_media":0,"parent":0,"menu_order":0,"comment_status":"closed","ping_status":"closed","template":"","meta":{"inline_featured_image":false,"footnotes":""},"class_list":["post-12280","page","type-page","status-publish","hentry"],"yoast_head":"<!-- This site is optimized with the Yoast SEO plugin v25.0 - https:\/\/yoast.com\/wordpress\/plugins\/seo\/ -->\n<title>Trata de personas en Venezuela entre la miseria y la corrupci\u00f3n - Trasparencia Venezuela<\/title>\n<meta name=\"description\" content=\"En los \u00faltimos meses hemos analizado los flujos il\u00edcitos que conjugan ilegalidad y criminalidad en la econom\u00eda venezolana.\" \/>\n<meta name=\"robots\" content=\"index, follow, max-snippet:-1, max-image-preview:large, max-video-preview:-1\" \/>\n<link rel=\"canonical\" href=\"https:\/\/transparenciave.org\/economias-ilicitas\/trata-de-personas-en-venezuela-entre-la-miseria-y-la-corrupcion\/\" \/>\n<meta property=\"og:locale\" content=\"es_ES\" \/>\n<meta property=\"og:type\" content=\"article\" \/>\n<meta property=\"og:title\" content=\"Trata de personas en Venezuela entre la miseria y la corrupci\u00f3n - Trasparencia Venezuela\" \/>\n<meta property=\"og:description\" content=\"En los \u00faltimos meses hemos analizado los flujos il\u00edcitos que conjugan ilegalidad y criminalidad en la econom\u00eda venezolana.\" \/>\n<meta property=\"og:url\" content=\"https:\/\/transparenciave.org\/economias-ilicitas\/trata-de-personas-en-venezuela-entre-la-miseria-y-la-corrupcion\/\" \/>\n<meta property=\"og:site_name\" content=\"Trasparencia Venezuela\" \/>\n<meta property=\"article:modified_time\" content=\"2026-01-26T13:07:17+00:00\" \/>\n<meta property=\"og:image\" content=\"https:\/\/transparenciave.org\/economias-ilicitas\/wp-content\/uploads\/2023\/08\/separador-principal-grande-04.png\" \/>\n\t<meta property=\"og:image:width\" content=\"1024\" \/>\n\t<meta property=\"og:image:height\" content=\"201\" \/>\n\t<meta property=\"og:image:type\" content=\"image\/png\" \/>\n<meta name=\"twitter:card\" content=\"summary_large_image\" \/>\n<meta name=\"twitter:label1\" content=\"Tiempo de lectura\" \/>\n\t<meta name=\"twitter:data1\" content=\"1 minuto\" \/>\n<script type=\"application\/ld+json\" class=\"yoast-schema-graph\">{\"@context\":\"https:\/\/schema.org\",\"@graph\":[{\"@type\":\"WebPage\",\"@id\":\"https:\/\/transparenciave.org\/economias-ilicitas\/trata-de-personas-en-venezuela-entre-la-miseria-y-la-corrupcion\/\",\"url\":\"https:\/\/transparenciave.org\/economias-ilicitas\/trata-de-personas-en-venezuela-entre-la-miseria-y-la-corrupcion\/\",\"name\":\"Trata de personas en Venezuela entre la miseria y la corrupci\u00f3n - Trasparencia Venezuela\",\"isPartOf\":{\"@id\":\"https:\/\/transparenciave.org\/economias-ilicitas\/#website\"},\"primaryImageOfPage\":{\"@id\":\"https:\/\/transparenciave.org\/economias-ilicitas\/trata-de-personas-en-venezuela-entre-la-miseria-y-la-corrupcion\/#primaryimage\"},\"image\":{\"@id\":\"https:\/\/transparenciave.org\/economias-ilicitas\/trata-de-personas-en-venezuela-entre-la-miseria-y-la-corrupcion\/#primaryimage\"},\"thumbnailUrl\":\"https:\/\/transparenciave.org\/economias-ilicitas\/wp-content\/uploads\/2023\/08\/separador-principal-grande-04-768x151.png\",\"datePublished\":\"2026-01-26T12:58:21+00:00\",\"dateModified\":\"2026-01-26T13:07:17+00:00\",\"description\":\"En los \u00faltimos meses hemos analizado los flujos il\u00edcitos que conjugan ilegalidad y criminalidad en la econom\u00eda venezolana.\",\"breadcrumb\":{\"@id\":\"https:\/\/transparenciave.org\/economias-ilicitas\/trata-de-personas-en-venezuela-entre-la-miseria-y-la-corrupcion\/#breadcrumb\"},\"inLanguage\":\"es\",\"potentialAction\":[{\"@type\":\"ReadAction\",\"target\":[\"https:\/\/transparenciave.org\/economias-ilicitas\/trata-de-personas-en-venezuela-entre-la-miseria-y-la-corrupcion\/\"]}]},{\"@type\":\"ImageObject\",\"inLanguage\":\"es\",\"@id\":\"https:\/\/transparenciave.org\/economias-ilicitas\/trata-de-personas-en-venezuela-entre-la-miseria-y-la-corrupcion\/#primaryimage\",\"url\":\"https:\/\/transparenciave.org\/economias-ilicitas\/wp-content\/uploads\/2023\/08\/separador-principal-grande-04.png\",\"contentUrl\":\"https:\/\/transparenciave.org\/economias-ilicitas\/wp-content\/uploads\/2023\/08\/separador-principal-grande-04.png\",\"width\":1024,\"height\":201},{\"@type\":\"BreadcrumbList\",\"@id\":\"https:\/\/transparenciave.org\/economias-ilicitas\/trata-de-personas-en-venezuela-entre-la-miseria-y-la-corrupcion\/#breadcrumb\",\"itemListElement\":[{\"@type\":\"ListItem\",\"position\":1,\"name\":\"Portada\",\"item\":\"https:\/\/transparenciave.org\/economias-ilicitas\/\"},{\"@type\":\"ListItem\",\"position\":2,\"name\":\"Trata de personas en Venezuela entre la miseria y la corrupci\u00f3n\"}]},{\"@type\":\"WebSite\",\"@id\":\"https:\/\/transparenciave.org\/economias-ilicitas\/#website\",\"url\":\"https:\/\/transparenciave.org\/economias-ilicitas\/\",\"name\":\"Trasparencia Venezuela\",\"description\":\"Economias Il\u00edcitas\",\"publisher\":{\"@id\":\"https:\/\/transparenciave.org\/economias-ilicitas\/#organization\"},\"potentialAction\":[{\"@type\":\"SearchAction\",\"target\":{\"@type\":\"EntryPoint\",\"urlTemplate\":\"https:\/\/transparenciave.org\/economias-ilicitas\/?s={search_term_string}\"},\"query-input\":{\"@type\":\"PropertyValueSpecification\",\"valueRequired\":true,\"valueName\":\"search_term_string\"}}],\"inLanguage\":\"es\"},{\"@type\":\"Organization\",\"@id\":\"https:\/\/transparenciave.org\/economias-ilicitas\/#organization\",\"name\":\"Trasparencia Venezuela\",\"url\":\"https:\/\/transparenciave.org\/economias-ilicitas\/\",\"logo\":{\"@type\":\"ImageObject\",\"inLanguage\":\"es\",\"@id\":\"https:\/\/transparenciave.org\/economias-ilicitas\/#\/schema\/logo\/image\/\",\"url\":\"https:\/\/transparenciave.org\/economias-ilicitas\/wp-content\/uploads\/2025\/03\/cropped-logo_TV_exilio.png\",\"contentUrl\":\"https:\/\/transparenciave.org\/economias-ilicitas\/wp-content\/uploads\/2025\/03\/cropped-logo_TV_exilio.png\",\"width\":697,\"height\":473,\"caption\":\"Trasparencia Venezuela\"},\"image\":{\"@id\":\"https:\/\/transparenciave.org\/economias-ilicitas\/#\/schema\/logo\/image\/\"}}]}<\/script>\n<!-- \/ Yoast SEO plugin. -->","yoast_head_json":{"title":"Trata de personas en Venezuela entre la miseria y la corrupci\u00f3n - Trasparencia Venezuela","description":"En los \u00faltimos meses hemos analizado los flujos il\u00edcitos que conjugan ilegalidad y criminalidad en la econom\u00eda venezolana.","robots":{"index":"index","follow":"follow","max-snippet":"max-snippet:-1","max-image-preview":"max-image-preview:large","max-video-preview":"max-video-preview:-1"},"canonical":"https:\/\/transparenciave.org\/economias-ilicitas\/trata-de-personas-en-venezuela-entre-la-miseria-y-la-corrupcion\/","og_locale":"es_ES","og_type":"article","og_title":"Trata de personas en Venezuela entre la miseria y la corrupci\u00f3n - Trasparencia Venezuela","og_description":"En los \u00faltimos meses hemos analizado los flujos il\u00edcitos que conjugan ilegalidad y criminalidad en la econom\u00eda venezolana.","og_url":"https:\/\/transparenciave.org\/economias-ilicitas\/trata-de-personas-en-venezuela-entre-la-miseria-y-la-corrupcion\/","og_site_name":"Trasparencia Venezuela","article_modified_time":"2026-01-26T13:07:17+00:00","og_image":[{"width":1024,"height":201,"url":"https:\/\/transparenciave.org\/economias-ilicitas\/wp-content\/uploads\/2023\/08\/separador-principal-grande-04.png","type":"image\/png"}],"twitter_card":"summary_large_image","twitter_misc":{"Tiempo de lectura":"1 minuto"},"schema":{"@context":"https:\/\/schema.org","@graph":[{"@type":"WebPage","@id":"https:\/\/transparenciave.org\/economias-ilicitas\/trata-de-personas-en-venezuela-entre-la-miseria-y-la-corrupcion\/","url":"https:\/\/transparenciave.org\/economias-ilicitas\/trata-de-personas-en-venezuela-entre-la-miseria-y-la-corrupcion\/","name":"Trata de personas en Venezuela entre la miseria y la corrupci\u00f3n - Trasparencia Venezuela","isPartOf":{"@id":"https:\/\/transparenciave.org\/economias-ilicitas\/#website"},"primaryImageOfPage":{"@id":"https:\/\/transparenciave.org\/economias-ilicitas\/trata-de-personas-en-venezuela-entre-la-miseria-y-la-corrupcion\/#primaryimage"},"image":{"@id":"https:\/\/transparenciave.org\/economias-ilicitas\/trata-de-personas-en-venezuela-entre-la-miseria-y-la-corrupcion\/#primaryimage"},"thumbnailUrl":"https:\/\/transparenciave.org\/economias-ilicitas\/wp-content\/uploads\/2023\/08\/separador-principal-grande-04-768x151.png","datePublished":"2026-01-26T12:58:21+00:00","dateModified":"2026-01-26T13:07:17+00:00","description":"En los \u00faltimos meses hemos analizado los flujos il\u00edcitos que conjugan ilegalidad y criminalidad en la econom\u00eda venezolana.","breadcrumb":{"@id":"https:\/\/transparenciave.org\/economias-ilicitas\/trata-de-personas-en-venezuela-entre-la-miseria-y-la-corrupcion\/#breadcrumb"},"inLanguage":"es","potentialAction":[{"@type":"ReadAction","target":["https:\/\/transparenciave.org\/economias-ilicitas\/trata-de-personas-en-venezuela-entre-la-miseria-y-la-corrupcion\/"]}]},{"@type":"ImageObject","inLanguage":"es","@id":"https:\/\/transparenciave.org\/economias-ilicitas\/trata-de-personas-en-venezuela-entre-la-miseria-y-la-corrupcion\/#primaryimage","url":"https:\/\/transparenciave.org\/economias-ilicitas\/wp-content\/uploads\/2023\/08\/separador-principal-grande-04.png","contentUrl":"https:\/\/transparenciave.org\/economias-ilicitas\/wp-content\/uploads\/2023\/08\/separador-principal-grande-04.png","width":1024,"height":201},{"@type":"BreadcrumbList","@id":"https:\/\/transparenciave.org\/economias-ilicitas\/trata-de-personas-en-venezuela-entre-la-miseria-y-la-corrupcion\/#breadcrumb","itemListElement":[{"@type":"ListItem","position":1,"name":"Portada","item":"https:\/\/transparenciave.org\/economias-ilicitas\/"},{"@type":"ListItem","position":2,"name":"Trata de personas en Venezuela entre la miseria y la corrupci\u00f3n"}]},{"@type":"WebSite","@id":"https:\/\/transparenciave.org\/economias-ilicitas\/#website","url":"https:\/\/transparenciave.org\/economias-ilicitas\/","name":"Trasparencia Venezuela","description":"Economias Il\u00edcitas","publisher":{"@id":"https:\/\/transparenciave.org\/economias-ilicitas\/#organization"},"potentialAction":[{"@type":"SearchAction","target":{"@type":"EntryPoint","urlTemplate":"https:\/\/transparenciave.org\/economias-ilicitas\/?s={search_term_string}"},"query-input":{"@type":"PropertyValueSpecification","valueRequired":true,"valueName":"search_term_string"}}],"inLanguage":"es"},{"@type":"Organization","@id":"https:\/\/transparenciave.org\/economias-ilicitas\/#organization","name":"Trasparencia Venezuela","url":"https:\/\/transparenciave.org\/economias-ilicitas\/","logo":{"@type":"ImageObject","inLanguage":"es","@id":"https:\/\/transparenciave.org\/economias-ilicitas\/#\/schema\/logo\/image\/","url":"https:\/\/transparenciave.org\/economias-ilicitas\/wp-content\/uploads\/2025\/03\/cropped-logo_TV_exilio.png","contentUrl":"https:\/\/transparenciave.org\/economias-ilicitas\/wp-content\/uploads\/2025\/03\/cropped-logo_TV_exilio.png","width":697,"height":473,"caption":"Trasparencia Venezuela"},"image":{"@id":"https:\/\/transparenciave.org\/economias-ilicitas\/#\/schema\/logo\/image\/"}}]}},"_links":{"self":[{"href":"https:\/\/transparenciave.org\/economias-ilicitas\/wp-json\/wp\/v2\/pages\/12280","targetHints":{"allow":["GET"]}}],"collection":[{"href":"https:\/\/transparenciave.org\/economias-ilicitas\/wp-json\/wp\/v2\/pages"}],"about":[{"href":"https:\/\/transparenciave.org\/economias-ilicitas\/wp-json\/wp\/v2\/types\/page"}],"author":[{"embeddable":true,"href":"https:\/\/transparenciave.org\/economias-ilicitas\/wp-json\/wp\/v2\/users\/4"}],"replies":[{"embeddable":true,"href":"https:\/\/transparenciave.org\/economias-ilicitas\/wp-json\/wp\/v2\/comments?post=12280"}],"version-history":[{"count":10,"href":"https:\/\/transparenciave.org\/economias-ilicitas\/wp-json\/wp\/v2\/pages\/12280\/revisions"}],"predecessor-version":[{"id":12293,"href":"https:\/\/transparenciave.org\/economias-ilicitas\/wp-json\/wp\/v2\/pages\/12280\/revisions\/12293"}],"wp:attachment":[{"href":"https:\/\/transparenciave.org\/economias-ilicitas\/wp-json\/wp\/v2\/media?parent=12280"}],"curies":[{"name":"wp","href":"https:\/\/api.w.org\/{rel}","templated":true}]}}