{"id":12199,"date":"2025-04-01T12:54:06","date_gmt":"2025-04-01T12:54:06","guid":{"rendered":"https:\/\/transparenciave.org\/economias-ilicitas\/?page_id=12199"},"modified":"2025-04-01T19:06:59","modified_gmt":"2025-04-01T19:06:59","slug":"tren-de-aragua-la-red-criminal-que-desafia-fronteras-transparencia-venezuela-en-el-exilio","status":"publish","type":"page","link":"https:\/\/transparenciave.org\/economias-ilicitas\/tren-de-aragua-la-red-criminal-que-desafia-fronteras-transparencia-venezuela-en-el-exilio\/","title":{"rendered":"Tren de Aragua. La red criminal que desafi\u0301a fronteras. Transparencia Venezuela en el exilio."},"content":{"rendered":"\t\t<div data-elementor-type=\"wp-page\" data-elementor-id=\"12199\" class=\"elementor elementor-12199\" data-elementor-post-type=\"page\">\n\t\t\t\t\t\t<section class=\"elementor-section elementor-top-section elementor-element elementor-element-0dd6cab elementor-section-boxed elementor-section-height-default elementor-section-height-default\" data-id=\"0dd6cab\" data-element_type=\"section\">\n\t\t\t\t\t\t<div class=\"elementor-container elementor-column-gap-default\">\n\t\t\t\t\t<div class=\"elementor-column elementor-col-100 elementor-top-column elementor-element elementor-element-effa66a\" data-id=\"effa66a\" data-element_type=\"column\">\n\t\t\t<div class=\"elementor-widget-wrap elementor-element-populated\">\n\t\t\t\t\t\t<div class=\"elementor-element elementor-element-c9770db elementor-hidden-desktop elementor-hidden-tablet elementor-hidden-mobile elementor-invisible elementor-widget elementor-widget-image\" data-id=\"c9770db\" data-element_type=\"widget\" data-settings=\"{&quot;_animation&quot;:&quot;slideInLeft&quot;}\" data-widget_type=\"image.default\">\n\t\t\t\t<div class=\"elementor-widget-container\">\n\t\t\t\t\t\t\t\t\t\t\t\t\t\t\t<img fetchpriority=\"high\" decoding=\"async\" width=\"768\" height=\"151\" src=\"https:\/\/transparenciave.org\/economias-ilicitas\/wp-content\/uploads\/2023\/08\/separador-principal-grande-04-768x151.png\" class=\"attachment-medium_large size-medium_large wp-image-10071\" alt=\"\" srcset=\"https:\/\/transparenciave.org\/economias-ilicitas\/wp-content\/uploads\/2023\/08\/separador-principal-grande-04-768x151.png 768w, https:\/\/transparenciave.org\/economias-ilicitas\/wp-content\/uploads\/2023\/08\/separador-principal-grande-04-300x59.png 300w, https:\/\/transparenciave.org\/economias-ilicitas\/wp-content\/uploads\/2023\/08\/separador-principal-grande-04.png 1024w\" sizes=\"(max-width: 768px) 100vw, 768px\" \/>\t\t\t\t\t\t\t\t\t\t\t\t\t\t\t<\/div>\n\t\t\t\t<\/div>\n\t\t\t\t<div class=\"elementor-element elementor-element-654080e elementor-widget elementor-widget-heading\" data-id=\"654080e\" data-element_type=\"widget\" data-widget_type=\"heading.default\">\n\t\t\t\t<div class=\"elementor-widget-container\">\n\t\t\t\t\t<h2 class=\"elementor-heading-title elementor-size-default\">Tren de Aragua. \n<br \/>La red criminal que desafi\u0301a fronteras.<\/h2>\t\t\t\t<\/div>\n\t\t\t\t<\/div>\n\t\t\t\t\t<\/div>\n\t\t<\/div>\n\t\t\t\t\t<\/div>\n\t\t<\/section>\n\t\t\t\t<section class=\"elementor-section elementor-top-section elementor-element elementor-element-43930ad elementor-section-boxed elementor-section-height-default elementor-section-height-default\" data-id=\"43930ad\" data-element_type=\"section\">\n\t\t\t\t\t\t<div class=\"elementor-container elementor-column-gap-default\">\n\t\t\t\t\t<div class=\"elementor-column elementor-col-50 elementor-top-column elementor-element elementor-element-ad44f8e\" data-id=\"ad44f8e\" data-element_type=\"column\">\n\t\t\t<div class=\"elementor-widget-wrap elementor-element-populated\">\n\t\t\t\t\t\t<div class=\"elementor-element elementor-element-40f0243 elementor-widget elementor-widget-image\" data-id=\"40f0243\" data-element_type=\"widget\" data-widget_type=\"image.default\">\n\t\t\t\t<div class=\"elementor-widget-container\">\n\t\t\t\t\t\t\t\t\t\t\t\t\t\t\t<img decoding=\"async\" width=\"595\" height=\"842\" src=\"https:\/\/transparenciave.org\/economias-ilicitas\/wp-content\/uploads\/2025\/03\/T.D.A-espanol.jpg\" class=\"attachment-large size-large wp-image-12168\" alt=\"\" srcset=\"https:\/\/transparenciave.org\/economias-ilicitas\/wp-content\/uploads\/2025\/03\/T.D.A-espanol.jpg 595w, https:\/\/transparenciave.org\/economias-ilicitas\/wp-content\/uploads\/2025\/03\/T.D.A-espanol-212x300.jpg 212w\" sizes=\"(max-width: 595px) 100vw, 595px\" \/>\t\t\t\t\t\t\t\t\t\t\t\t\t\t\t<\/div>\n\t\t\t\t<\/div>\n\t\t\t\t<div class=\"elementor-element elementor-element-ad64788 elementor-widget elementor-widget-text-editor\" data-id=\"ad64788\" data-element_type=\"widget\" data-widget_type=\"text-editor.default\">\n\t\t\t\t<div class=\"elementor-widget-container\">\n\t\t\t\t\t\t\t\t\t<p><a href=\"https:\/\/transparenciave.org\/economias-ilicitas\/wp-content\/uploads\/2025\/04\/Tren-de-Aragua.-La-red-criminal-que-desafia-fronteras.-Transparencia-Venezuela-en-el-exilio.pdf\">Leer informe<\/a><\/p>\t\t\t\t\t\t\t\t<\/div>\n\t\t\t\t<\/div>\n\t\t\t\t\t<\/div>\n\t\t<\/div>\n\t\t\t\t<div class=\"elementor-column elementor-col-50 elementor-top-column elementor-element elementor-element-16ee5e8\" data-id=\"16ee5e8\" data-element_type=\"column\">\n\t\t\t<div class=\"elementor-widget-wrap elementor-element-populated\">\n\t\t\t\t\t\t<div class=\"elementor-element elementor-element-fd57758 elementor-widget elementor-widget-video\" data-id=\"fd57758\" data-element_type=\"widget\" data-settings=\"{&quot;youtube_url&quot;:&quot;https:\\\/\\\/www.youtube.com\\\/watch?v=AUGjEsS214c&quot;,&quot;video_type&quot;:&quot;youtube&quot;,&quot;controls&quot;:&quot;yes&quot;}\" data-widget_type=\"video.default\">\n\t\t\t\t<div class=\"elementor-widget-container\">\n\t\t\t\t\t\t\t<div class=\"elementor-wrapper elementor-open-inline\">\n\t\t\t<div class=\"elementor-video\"><\/div>\t\t<\/div>\n\t\t\t\t\t\t<\/div>\n\t\t\t\t<\/div>\n\t\t\t\t\t<\/div>\n\t\t<\/div>\n\t\t\t\t\t<\/div>\n\t\t<\/section>\n\t\t\t\t<section class=\"elementor-section elementor-top-section elementor-element elementor-element-75598c4 elementor-section-boxed elementor-section-height-default elementor-section-height-default\" data-id=\"75598c4\" data-element_type=\"section\">\n\t\t\t\t\t\t<div class=\"elementor-container elementor-column-gap-default\">\n\t\t\t\t\t<div class=\"elementor-column elementor-col-50 elementor-top-column elementor-element elementor-element-22e9ff8\" data-id=\"22e9ff8\" data-element_type=\"column\">\n\t\t\t<div class=\"elementor-widget-wrap elementor-element-populated\">\n\t\t\t\t\t\t<div class=\"elementor-element elementor-element-ccb3be2 elementor-widget elementor-widget-image\" data-id=\"ccb3be2\" data-element_type=\"widget\" data-widget_type=\"image.default\">\n\t\t\t\t<div class=\"elementor-widget-container\">\n\t\t\t\t\t\t\t\t\t\t\t\t\t\t\t<img decoding=\"async\" width=\"595\" height=\"842\" src=\"https:\/\/transparenciave.org\/economias-ilicitas\/wp-content\/uploads\/2025\/03\/T.D.A-ingles.jpg\" class=\"attachment-large size-large wp-image-12169\" alt=\"\" srcset=\"https:\/\/transparenciave.org\/economias-ilicitas\/wp-content\/uploads\/2025\/03\/T.D.A-ingles.jpg 595w, https:\/\/transparenciave.org\/economias-ilicitas\/wp-content\/uploads\/2025\/03\/T.D.A-ingles-212x300.jpg 212w\" sizes=\"(max-width: 595px) 100vw, 595px\" \/>\t\t\t\t\t\t\t\t\t\t\t\t\t\t\t<\/div>\n\t\t\t\t<\/div>\n\t\t\t\t<div class=\"elementor-element elementor-element-61cf2bf elementor-widget elementor-widget-text-editor\" data-id=\"61cf2bf\" data-element_type=\"widget\" data-widget_type=\"text-editor.default\">\n\t\t\t\t<div class=\"elementor-widget-container\">\n\t\t\t\t\t\t\t\t\t<p><a href=\"https:\/\/transparenciave.org\/economias-ilicitas\/wp-content\/uploads\/2025\/04\/Tren-de-Aragua.-Criminal-network-whitout-borders.-Transparencia-Venezuela-en-el-exilio.pdf\">Read report<\/a><\/p>\t\t\t\t\t\t\t\t<\/div>\n\t\t\t\t<\/div>\n\t\t\t\t\t<\/div>\n\t\t<\/div>\n\t\t\t\t<div class=\"elementor-column elementor-col-50 elementor-top-column elementor-element elementor-element-ac2043a\" data-id=\"ac2043a\" data-element_type=\"column\">\n\t\t\t<div class=\"elementor-widget-wrap elementor-element-populated\">\n\t\t\t\t\t\t<div class=\"elementor-element elementor-element-4aa94d5 elementor-widget elementor-widget-video\" data-id=\"4aa94d5\" data-element_type=\"widget\" data-settings=\"{&quot;youtube_url&quot;:&quot;https:\\\/\\\/www.youtube.com\\\/watch?v=RsR_X-hwu8w&quot;,&quot;video_type&quot;:&quot;youtube&quot;,&quot;controls&quot;:&quot;yes&quot;}\" data-widget_type=\"video.default\">\n\t\t\t\t<div class=\"elementor-widget-container\">\n\t\t\t\t\t\t\t<div class=\"elementor-wrapper elementor-open-inline\">\n\t\t\t<div class=\"elementor-video\"><\/div>\t\t<\/div>\n\t\t\t\t\t\t<\/div>\n\t\t\t\t<\/div>\n\t\t\t\t\t<\/div>\n\t\t<\/div>\n\t\t\t\t\t<\/div>\n\t\t<\/section>\n\t\t\t\t<section class=\"elementor-section elementor-top-section elementor-element elementor-element-ae43ca6 elementor-hidden-desktop elementor-hidden-tablet elementor-hidden-mobile elementor-section-boxed elementor-section-height-default elementor-section-height-default\" data-id=\"ae43ca6\" data-element_type=\"section\">\n\t\t\t\t\t\t<div class=\"elementor-container elementor-column-gap-default\">\n\t\t\t\t\t<div class=\"elementor-column elementor-col-50 elementor-top-column elementor-element elementor-element-34789d6\" data-id=\"34789d6\" data-element_type=\"column\">\n\t\t\t<div class=\"elementor-widget-wrap elementor-element-populated\">\n\t\t\t\t\t\t<div class=\"elementor-element elementor-element-3c492e6 elementor-widget elementor-widget-global elementor-global-8871 elementor-widget-image\" data-id=\"3c492e6\" data-element_type=\"widget\" data-widget_type=\"image.default\">\n\t\t\t\t<div class=\"elementor-widget-container\">\n\t\t\t\t\t\t\t\t\t\t\t\t\t\t\t\t<a href=\"https:\/\/transparenciave.org\/economias-ilicitas\/wp-content\/uploads\/2023\/08\/Cap-2-Agentes-criminales-interacciones-oscuras.pdf\">\n\t\t\t\t\t\t\t<img decoding=\"async\" src=\"https:\/\/transparenciave.org\/economias-ilicitas\/wp-content\/uploads\/elementor\/thumbs\/portadilla-cap-2-qakwxk7ow91qzhgwjr5n73b1on12x3ftk4x1f0cc5w.png\" title=\"portadilla cap 2\" alt=\"portadilla cap 2\" loading=\"lazy\" \/>\t\t\t\t\t\t\t\t<\/a>\n\t\t\t\t\t\t\t\t\t\t\t\t\t\t\t<\/div>\n\t\t\t\t<\/div>\n\t\t\t\t\t<\/div>\n\t\t<\/div>\n\t\t\t\t<div class=\"elementor-column elementor-col-50 elementor-top-column elementor-element elementor-element-d943f34\" data-id=\"d943f34\" data-element_type=\"column\">\n\t\t\t<div class=\"elementor-widget-wrap elementor-element-populated\">\n\t\t\t\t\t\t<div class=\"elementor-element elementor-element-6d92fb7 elementor-widget elementor-widget-text-editor\" data-id=\"6d92fb7\" data-element_type=\"widget\" data-widget_type=\"text-editor.default\">\n\t\t\t\t<div class=\"elementor-widget-container\">\n\t\t\t\t\t\t\t\t\t<h4><b>ECONOM\u00cdAS IL\u00cdCITAS\n<\/b><br \/>BAJO EL MANTO DE LA IMPUNIDAD<\/h4>\t\t\t\t\t\t\t\t<\/div>\n\t\t\t\t<\/div>\n\t\t\t\t<section class=\"elementor-section elementor-inner-section elementor-element elementor-element-b81ca5d elementor-section-boxed elementor-section-height-default elementor-section-height-default\" data-id=\"b81ca5d\" data-element_type=\"section\">\n\t\t\t\t\t\t<div class=\"elementor-container elementor-column-gap-default\">\n\t\t\t\t\t<div class=\"elementor-column elementor-col-50 elementor-inner-column elementor-element elementor-element-fff60b2\" data-id=\"fff60b2\" data-element_type=\"column\">\n\t\t\t<div class=\"elementor-widget-wrap elementor-element-populated\">\n\t\t\t\t\t\t<div class=\"elementor-element elementor-element-571242e elementor-widget elementor-widget-image\" data-id=\"571242e\" data-element_type=\"widget\" data-widget_type=\"image.default\">\n\t\t\t\t<div class=\"elementor-widget-container\">\n\t\t\t\t\t\t\t\t\t\t\t\t\t\t\t\t<a href=\"https:\/\/transparenciave.org\/economias-ilicitas\/wp-content\/uploads\/2023\/08\/Cap-2-Agentes-criminales-interacciones-oscuras.pdf\">\n\t\t\t\t\t\t\t<img loading=\"lazy\" decoding=\"async\" width=\"88\" height=\"110\" src=\"https:\/\/transparenciave.org\/economias-ilicitas\/wp-content\/uploads\/2022\/05\/Frame16.png\" class=\"attachment-large size-large wp-image-120\" alt=\"\" \/>\t\t\t\t\t\t\t\t<\/a>\n\t\t\t\t\t\t\t\t\t\t\t\t\t\t\t<\/div>\n\t\t\t\t<\/div>\n\t\t\t\t\t<\/div>\n\t\t<\/div>\n\t\t\t\t<div class=\"elementor-column elementor-col-50 elementor-inner-column elementor-element elementor-element-12380f4\" data-id=\"12380f4\" data-element_type=\"column\">\n\t\t\t<div class=\"elementor-widget-wrap elementor-element-populated\">\n\t\t\t\t\t\t<div class=\"elementor-element elementor-element-1e5261a elementor-widget elementor-widget-heading\" data-id=\"1e5261a\" data-element_type=\"widget\" data-widget_type=\"heading.default\">\n\t\t\t\t<div class=\"elementor-widget-container\">\n\t\t\t\t\t<h2 class=\"elementor-heading-title elementor-size-default\"><a href=\"https:\/\/transparenciave.org\/economias-ilicitas\/wp-content\/uploads\/2023\/08\/Cap-2-Agentes-criminales-interacciones-oscuras.pdf\">DESCARGAR<br>PDF<\/a><\/h2>\t\t\t\t<\/div>\n\t\t\t\t<\/div>\n\t\t\t\t\t<\/div>\n\t\t<\/div>\n\t\t\t\t\t<\/div>\n\t\t<\/section>\n\t\t\t\t\t<\/div>\n\t\t<\/div>\n\t\t\t\t\t<\/div>\n\t\t<\/section>\n\t\t\t\t<\/div>\n\t\t","protected":false},"excerpt":{"rendered":"<p>Tren de Aragua. La red criminal que desafi\u0301a fronteras. Leer informe https:\/\/www.youtube.com\/watch?v=AUGjEsS214c Read report https:\/\/www.youtube.com\/watch?v=RsR_X-hwu8w ECONOM\u00cdAS IL\u00cdCITAS BAJO EL MANTO DE LA IMPUNIDAD DESCARGARPDF<\/p>\n","protected":false},"author":4,"featured_media":0,"parent":0,"menu_order":0,"comment_status":"closed","ping_status":"closed","template":"","meta":{"inline_featured_image":false,"footnotes":""},"class_list":["post-12199","page","type-page","status-publish","hentry"],"yoast_head":"<!-- This site is optimized with the Yoast SEO plugin v25.0 - https:\/\/yoast.com\/wordpress\/plugins\/seo\/ -->\n<title>Tren de Aragua. La red criminal que desafi\u0301a fronteras. Transparencia Venezuela en el exilio. - Trasparencia Venezuela<\/title>\n<meta name=\"description\" content=\"En los \u00faltimos meses hemos analizado los flujos il\u00edcitos que conjugan ilegalidad y criminalidad en la econom\u00eda venezolana.\" \/>\n<meta name=\"robots\" content=\"index, follow, max-snippet:-1, max-image-preview:large, max-video-preview:-1\" \/>\n<link rel=\"canonical\" href=\"https:\/\/transparenciave.org\/economias-ilicitas\/tren-de-aragua-la-red-criminal-que-desafia-fronteras-transparencia-venezuela-en-el-exilio\/\" \/>\n<meta property=\"og:locale\" content=\"es_ES\" \/>\n<meta property=\"og:type\" content=\"article\" \/>\n<meta property=\"og:title\" content=\"Tren de Aragua. La red criminal que desafi\u0301a fronteras. Transparencia Venezuela en el exilio. - Trasparencia Venezuela\" \/>\n<meta property=\"og:description\" content=\"En los \u00faltimos meses hemos analizado los flujos il\u00edcitos que conjugan ilegalidad y criminalidad en la econom\u00eda venezolana.\" \/>\n<meta property=\"og:url\" content=\"https:\/\/transparenciave.org\/economias-ilicitas\/tren-de-aragua-la-red-criminal-que-desafia-fronteras-transparencia-venezuela-en-el-exilio\/\" \/>\n<meta property=\"og:site_name\" content=\"Trasparencia Venezuela\" \/>\n<meta property=\"article:modified_time\" content=\"2025-04-01T19:06:59+00:00\" \/>\n<meta property=\"og:image\" content=\"https:\/\/transparenciave.org\/economias-ilicitas\/wp-content\/uploads\/2023\/08\/separador-principal-grande-04.png\" \/>\n\t<meta property=\"og:image:width\" content=\"1024\" \/>\n\t<meta property=\"og:image:height\" content=\"201\" \/>\n\t<meta property=\"og:image:type\" content=\"image\/png\" \/>\n<meta name=\"twitter:card\" content=\"summary_large_image\" \/>\n<meta name=\"twitter:label1\" content=\"Tiempo de lectura\" \/>\n\t<meta name=\"twitter:data1\" content=\"2 minutos\" \/>\n<script type=\"application\/ld+json\" class=\"yoast-schema-graph\">{\"@context\":\"https:\/\/schema.org\",\"@graph\":[{\"@type\":\"WebPage\",\"@id\":\"https:\/\/transparenciave.org\/economias-ilicitas\/tren-de-aragua-la-red-criminal-que-desafia-fronteras-transparencia-venezuela-en-el-exilio\/\",\"url\":\"https:\/\/transparenciave.org\/economias-ilicitas\/tren-de-aragua-la-red-criminal-que-desafia-fronteras-transparencia-venezuela-en-el-exilio\/\",\"name\":\"Tren de Aragua. La red criminal que desafi\u0301a fronteras. Transparencia Venezuela en el exilio. - Trasparencia Venezuela\",\"isPartOf\":{\"@id\":\"https:\/\/transparenciave.org\/economias-ilicitas\/#website\"},\"primaryImageOfPage\":{\"@id\":\"https:\/\/transparenciave.org\/economias-ilicitas\/tren-de-aragua-la-red-criminal-que-desafia-fronteras-transparencia-venezuela-en-el-exilio\/#primaryimage\"},\"image\":{\"@id\":\"https:\/\/transparenciave.org\/economias-ilicitas\/tren-de-aragua-la-red-criminal-que-desafia-fronteras-transparencia-venezuela-en-el-exilio\/#primaryimage\"},\"thumbnailUrl\":\"https:\/\/transparenciave.org\/economias-ilicitas\/wp-content\/uploads\/2023\/08\/separador-principal-grande-04-768x151.png\",\"datePublished\":\"2025-04-01T12:54:06+00:00\",\"dateModified\":\"2025-04-01T19:06:59+00:00\",\"description\":\"En los \u00faltimos meses hemos analizado los flujos il\u00edcitos que conjugan ilegalidad y criminalidad en la econom\u00eda venezolana.\",\"breadcrumb\":{\"@id\":\"https:\/\/transparenciave.org\/economias-ilicitas\/tren-de-aragua-la-red-criminal-que-desafia-fronteras-transparencia-venezuela-en-el-exilio\/#breadcrumb\"},\"inLanguage\":\"es\",\"potentialAction\":[{\"@type\":\"ReadAction\",\"target\":[\"https:\/\/transparenciave.org\/economias-ilicitas\/tren-de-aragua-la-red-criminal-que-desafia-fronteras-transparencia-venezuela-en-el-exilio\/\"]}]},{\"@type\":\"ImageObject\",\"inLanguage\":\"es\",\"@id\":\"https:\/\/transparenciave.org\/economias-ilicitas\/tren-de-aragua-la-red-criminal-que-desafia-fronteras-transparencia-venezuela-en-el-exilio\/#primaryimage\",\"url\":\"https:\/\/transparenciave.org\/economias-ilicitas\/wp-content\/uploads\/2023\/08\/separador-principal-grande-04.png\",\"contentUrl\":\"https:\/\/transparenciave.org\/economias-ilicitas\/wp-content\/uploads\/2023\/08\/separador-principal-grande-04.png\",\"width\":1024,\"height\":201},{\"@type\":\"BreadcrumbList\",\"@id\":\"https:\/\/transparenciave.org\/economias-ilicitas\/tren-de-aragua-la-red-criminal-que-desafia-fronteras-transparencia-venezuela-en-el-exilio\/#breadcrumb\",\"itemListElement\":[{\"@type\":\"ListItem\",\"position\":1,\"name\":\"Portada\",\"item\":\"https:\/\/transparenciave.org\/economias-ilicitas\/\"},{\"@type\":\"ListItem\",\"position\":2,\"name\":\"Tren de Aragua. La red criminal que desafi\u0301a fronteras. Transparencia Venezuela en el exilio.\"}]},{\"@type\":\"WebSite\",\"@id\":\"https:\/\/transparenciave.org\/economias-ilicitas\/#website\",\"url\":\"https:\/\/transparenciave.org\/economias-ilicitas\/\",\"name\":\"Trasparencia Venezuela\",\"description\":\"Economias Il\u00edcitas\",\"publisher\":{\"@id\":\"https:\/\/transparenciave.org\/economias-ilicitas\/#organization\"},\"potentialAction\":[{\"@type\":\"SearchAction\",\"target\":{\"@type\":\"EntryPoint\",\"urlTemplate\":\"https:\/\/transparenciave.org\/economias-ilicitas\/?s={search_term_string}\"},\"query-input\":{\"@type\":\"PropertyValueSpecification\",\"valueRequired\":true,\"valueName\":\"search_term_string\"}}],\"inLanguage\":\"es\"},{\"@type\":\"Organization\",\"@id\":\"https:\/\/transparenciave.org\/economias-ilicitas\/#organization\",\"name\":\"Trasparencia Venezuela\",\"url\":\"https:\/\/transparenciave.org\/economias-ilicitas\/\",\"logo\":{\"@type\":\"ImageObject\",\"inLanguage\":\"es\",\"@id\":\"https:\/\/transparenciave.org\/economias-ilicitas\/#\/schema\/logo\/image\/\",\"url\":\"https:\/\/transparenciave.org\/economias-ilicitas\/wp-content\/uploads\/2025\/03\/cropped-logo_TV_exilio.png\",\"contentUrl\":\"https:\/\/transparenciave.org\/economias-ilicitas\/wp-content\/uploads\/2025\/03\/cropped-logo_TV_exilio.png\",\"width\":697,\"height\":473,\"caption\":\"Trasparencia Venezuela\"},\"image\":{\"@id\":\"https:\/\/transparenciave.org\/economias-ilicitas\/#\/schema\/logo\/image\/\"}}]}<\/script>\n<!-- \/ Yoast SEO plugin. -->","yoast_head_json":{"title":"Tren de Aragua. La red criminal que desafi\u0301a fronteras. Transparencia Venezuela en el exilio. - Trasparencia Venezuela","description":"En los \u00faltimos meses hemos analizado los flujos il\u00edcitos que conjugan ilegalidad y criminalidad en la econom\u00eda venezolana.","robots":{"index":"index","follow":"follow","max-snippet":"max-snippet:-1","max-image-preview":"max-image-preview:large","max-video-preview":"max-video-preview:-1"},"canonical":"https:\/\/transparenciave.org\/economias-ilicitas\/tren-de-aragua-la-red-criminal-que-desafia-fronteras-transparencia-venezuela-en-el-exilio\/","og_locale":"es_ES","og_type":"article","og_title":"Tren de Aragua. La red criminal que desafi\u0301a fronteras. Transparencia Venezuela en el exilio. - Trasparencia Venezuela","og_description":"En los \u00faltimos meses hemos analizado los flujos il\u00edcitos que conjugan ilegalidad y criminalidad en la econom\u00eda venezolana.","og_url":"https:\/\/transparenciave.org\/economias-ilicitas\/tren-de-aragua-la-red-criminal-que-desafia-fronteras-transparencia-venezuela-en-el-exilio\/","og_site_name":"Trasparencia Venezuela","article_modified_time":"2025-04-01T19:06:59+00:00","og_image":[{"width":1024,"height":201,"url":"https:\/\/transparenciave.org\/economias-ilicitas\/wp-content\/uploads\/2023\/08\/separador-principal-grande-04.png","type":"image\/png"}],"twitter_card":"summary_large_image","twitter_misc":{"Tiempo de lectura":"2 minutos"},"schema":{"@context":"https:\/\/schema.org","@graph":[{"@type":"WebPage","@id":"https:\/\/transparenciave.org\/economias-ilicitas\/tren-de-aragua-la-red-criminal-que-desafia-fronteras-transparencia-venezuela-en-el-exilio\/","url":"https:\/\/transparenciave.org\/economias-ilicitas\/tren-de-aragua-la-red-criminal-que-desafia-fronteras-transparencia-venezuela-en-el-exilio\/","name":"Tren de Aragua. La red criminal que desafi\u0301a fronteras. Transparencia Venezuela en el exilio. - Trasparencia Venezuela","isPartOf":{"@id":"https:\/\/transparenciave.org\/economias-ilicitas\/#website"},"primaryImageOfPage":{"@id":"https:\/\/transparenciave.org\/economias-ilicitas\/tren-de-aragua-la-red-criminal-que-desafia-fronteras-transparencia-venezuela-en-el-exilio\/#primaryimage"},"image":{"@id":"https:\/\/transparenciave.org\/economias-ilicitas\/tren-de-aragua-la-red-criminal-que-desafia-fronteras-transparencia-venezuela-en-el-exilio\/#primaryimage"},"thumbnailUrl":"https:\/\/transparenciave.org\/economias-ilicitas\/wp-content\/uploads\/2023\/08\/separador-principal-grande-04-768x151.png","datePublished":"2025-04-01T12:54:06+00:00","dateModified":"2025-04-01T19:06:59+00:00","description":"En los \u00faltimos meses hemos analizado los flujos il\u00edcitos que conjugan ilegalidad y criminalidad en la econom\u00eda venezolana.","breadcrumb":{"@id":"https:\/\/transparenciave.org\/economias-ilicitas\/tren-de-aragua-la-red-criminal-que-desafia-fronteras-transparencia-venezuela-en-el-exilio\/#breadcrumb"},"inLanguage":"es","potentialAction":[{"@type":"ReadAction","target":["https:\/\/transparenciave.org\/economias-ilicitas\/tren-de-aragua-la-red-criminal-que-desafia-fronteras-transparencia-venezuela-en-el-exilio\/"]}]},{"@type":"ImageObject","inLanguage":"es","@id":"https:\/\/transparenciave.org\/economias-ilicitas\/tren-de-aragua-la-red-criminal-que-desafia-fronteras-transparencia-venezuela-en-el-exilio\/#primaryimage","url":"https:\/\/transparenciave.org\/economias-ilicitas\/wp-content\/uploads\/2023\/08\/separador-principal-grande-04.png","contentUrl":"https:\/\/transparenciave.org\/economias-ilicitas\/wp-content\/uploads\/2023\/08\/separador-principal-grande-04.png","width":1024,"height":201},{"@type":"BreadcrumbList","@id":"https:\/\/transparenciave.org\/economias-ilicitas\/tren-de-aragua-la-red-criminal-que-desafia-fronteras-transparencia-venezuela-en-el-exilio\/#breadcrumb","itemListElement":[{"@type":"ListItem","position":1,"name":"Portada","item":"https:\/\/transparenciave.org\/economias-ilicitas\/"},{"@type":"ListItem","position":2,"name":"Tren de Aragua. La red criminal que desafi\u0301a fronteras. Transparencia Venezuela en el exilio."}]},{"@type":"WebSite","@id":"https:\/\/transparenciave.org\/economias-ilicitas\/#website","url":"https:\/\/transparenciave.org\/economias-ilicitas\/","name":"Trasparencia Venezuela","description":"Economias Il\u00edcitas","publisher":{"@id":"https:\/\/transparenciave.org\/economias-ilicitas\/#organization"},"potentialAction":[{"@type":"SearchAction","target":{"@type":"EntryPoint","urlTemplate":"https:\/\/transparenciave.org\/economias-ilicitas\/?s={search_term_string}"},"query-input":{"@type":"PropertyValueSpecification","valueRequired":true,"valueName":"search_term_string"}}],"inLanguage":"es"},{"@type":"Organization","@id":"https:\/\/transparenciave.org\/economias-ilicitas\/#organization","name":"Trasparencia Venezuela","url":"https:\/\/transparenciave.org\/economias-ilicitas\/","logo":{"@type":"ImageObject","inLanguage":"es","@id":"https:\/\/transparenciave.org\/economias-ilicitas\/#\/schema\/logo\/image\/","url":"https:\/\/transparenciave.org\/economias-ilicitas\/wp-content\/uploads\/2025\/03\/cropped-logo_TV_exilio.png","contentUrl":"https:\/\/transparenciave.org\/economias-ilicitas\/wp-content\/uploads\/2025\/03\/cropped-logo_TV_exilio.png","width":697,"height":473,"caption":"Trasparencia Venezuela"},"image":{"@id":"https:\/\/transparenciave.org\/economias-ilicitas\/#\/schema\/logo\/image\/"}}]}},"_links":{"self":[{"href":"https:\/\/transparenciave.org\/economias-ilicitas\/wp-json\/wp\/v2\/pages\/12199","targetHints":{"allow":["GET"]}}],"collection":[{"href":"https:\/\/transparenciave.org\/economias-ilicitas\/wp-json\/wp\/v2\/pages"}],"about":[{"href":"https:\/\/transparenciave.org\/economias-ilicitas\/wp-json\/wp\/v2\/types\/page"}],"author":[{"embeddable":true,"href":"https:\/\/transparenciave.org\/economias-ilicitas\/wp-json\/wp\/v2\/users\/4"}],"replies":[{"embeddable":true,"href":"https:\/\/transparenciave.org\/economias-ilicitas\/wp-json\/wp\/v2\/comments?post=12199"}],"version-history":[{"count":10,"href":"https:\/\/transparenciave.org\/economias-ilicitas\/wp-json\/wp\/v2\/pages\/12199\/revisions"}],"predecessor-version":[{"id":12215,"href":"https:\/\/transparenciave.org\/economias-ilicitas\/wp-json\/wp\/v2\/pages\/12199\/revisions\/12215"}],"wp:attachment":[{"href":"https:\/\/transparenciave.org\/economias-ilicitas\/wp-json\/wp\/v2\/media?parent=12199"}],"curies":[{"name":"wp","href":"https:\/\/api.w.org\/{rel}","templated":true}]}}